{"id":3985,"date":"2021-12-27T12:52:01","date_gmt":"2021-12-27T12:52:01","guid":{"rendered":"https:\/\/digiplant.com\/docs\/"},"modified":"2024-09-14T07:39:52","modified_gmt":"2024-09-14T07:39:52","slug":"manuel","status":"publish","type":"page","link":"https:\/\/digiplant.com\/fr\/manuel\/","title":{"rendered":"Manuel"},"content":{"rendered":"\t\t<div data-elementor-type=\"wp-page\" data-elementor-id=\"3985\" class=\"elementor elementor-3985 elementor-3324\" data-elementor-post-type=\"page\">\n\t\t\t\t\t\t<section class=\"elementor-section elementor-top-section elementor-element elementor-element-562f8f7 elementor-section-boxed elementor-section-height-default elementor-section-height-default\" data-id=\"562f8f7\" data-element_type=\"section\" data-settings=\"{&quot;jet_parallax_layout_list&quot;:[{&quot;jet_parallax_layout_image&quot;:{&quot;url&quot;:&quot;&quot;,&quot;id&quot;:&quot;&quot;,&quot;size&quot;:&quot;&quot;},&quot;_id&quot;:&quot;5d514f1&quot;,&quot;jet_parallax_layout_image_tablet&quot;:{&quot;url&quot;:&quot;&quot;,&quot;id&quot;:&quot;&quot;,&quot;size&quot;:&quot;&quot;},&quot;jet_parallax_layout_image_mobile&quot;:{&quot;url&quot;:&quot;&quot;,&quot;id&quot;:&quot;&quot;,&quot;size&quot;:&quot;&quot;},&quot;jet_parallax_layout_speed&quot;:{&quot;unit&quot;:&quot;%&quot;,&quot;size&quot;:50,&quot;sizes&quot;:[]},&quot;jet_parallax_layout_type&quot;:&quot;scroll&quot;,&quot;jet_parallax_layout_direction&quot;:null,&quot;jet_parallax_layout_fx_direction&quot;:null,&quot;jet_parallax_layout_z_index&quot;:&quot;&quot;,&quot;jet_parallax_layout_bg_x&quot;:50,&quot;jet_parallax_layout_bg_x_tablet&quot;:&quot;&quot;,&quot;jet_parallax_layout_bg_x_mobile&quot;:&quot;&quot;,&quot;jet_parallax_layout_bg_y&quot;:50,&quot;jet_parallax_layout_bg_y_tablet&quot;:&quot;&quot;,&quot;jet_parallax_layout_bg_y_mobile&quot;:&quot;&quot;,&quot;jet_parallax_layout_bg_size&quot;:&quot;auto&quot;,&quot;jet_parallax_layout_bg_size_tablet&quot;:&quot;&quot;,&quot;jet_parallax_layout_bg_size_mobile&quot;:&quot;&quot;,&quot;jet_parallax_layout_animation_prop&quot;:&quot;transform&quot;,&quot;jet_parallax_layout_on&quot;:[&quot;desktop&quot;,&quot;tablet&quot;]}]}\">\n\t\t\t\t\t\t<div class=\"elementor-container elementor-column-gap-default\">\n\t\t\t\t\t<div class=\"elementor-column elementor-col-100 elementor-top-column elementor-element elementor-element-a5fb375\" data-id=\"a5fb375\" data-element_type=\"column\">\n\t\t\t<div class=\"elementor-widget-wrap elementor-element-populated\">\n\t\t\t\t\t\t<div class=\"elementor-element elementor-element-0fa2809 elementor-widget elementor-widget-text-editor\" data-id=\"0fa2809\" data-element_type=\"widget\" data-widget_type=\"text-editor.default\">\n\t\t\t\t<div class=\"elementor-widget-container\">\n\t\t\t\t\t\t\t\t\t<p><strong><span style=\"color: #000000;\">1. Introduction<\/span><\/strong><\/p>\n\t\t\t\t\t\t\t\t<\/div>\n\t\t\t\t<\/div>\n\t\t\t\t<div class=\"elementor-element elementor-element-f23b7ba elementor-widget elementor-widget-text-editor\" data-id=\"f23b7ba\" data-element_type=\"widget\" data-widget_type=\"text-editor.default\">\n\t\t\t\t<div class=\"elementor-widget-container\">\n\t\t\t\t\t\t\t\t\t<p>Bienvenue dans le manuel d&rsquo;utilisation du Digiplant.<\/p><p>Le Digiplant est votre nouvel assistant de culture connect\u00e9e et automatis\u00e9e. Nous avons pris grand soin pour concevoir un appareil simple, robuste et accessible. Nous esp\u00e9rons que vous appr\u00e9cierez son utilisation.<\/p><p>Les chapitres 3 &amp; 4 sont suffisant pour d\u00e9marrer le kit. <br \/>Vous pourrez ensuite regarder dans le d\u00e9tail les chapitres suivants, expliquant le fonctionnement du contr\u00f4leur, de l\u2019application et du mode automatique.\u00a0<\/p><p>En cas de probl\u00e8me\u00a0:<br \/><span style=\"color: #0000ff;\"><a style=\"color: #0000ff;\" href=\"mailto:support@digiplant.com\">support@digiplant.com<\/a><\/span><\/p><p>Pour toutes suggestions\u00a0:<br \/><span style=\"color: #0000ff;\"><a style=\"color: #0000ff;\" href=\"mailto:contact@digiplant.com\">contact@digiplant.com<\/a><\/span><\/p><p>Maintenant commen\u00e7ons.<\/p>\t\t\t\t\t\t\t\t<\/div>\n\t\t\t\t<\/div>\n\t\t\t\t\t<\/div>\n\t\t<\/div>\n\t\t\t\t\t<\/div>\n\t\t<\/section>\n\t\t\t\t<\/div>\n\t\t","protected":false},"excerpt":{"rendered":"<p>1. Introduction Bienvenue dans le manuel d&rsquo;utilisation du Digiplant. Le Digiplant est votre nouvel assistant de culture connect\u00e9e et automatis\u00e9e. Nous avons pris grand soin pour concevoir un appareil simple, robuste et accessible. Nous esp\u00e9rons que vous appr\u00e9cierez son utilisation. Les chapitres 3 &amp; 4 sont suffisant pour d\u00e9marrer le kit. Vous pourrez ensuite regarder [&hellip;]<\/p>\n","protected":false},"author":1,"featured_media":0,"parent":0,"menu_order":0,"comment_status":"closed","ping_status":"closed","template":"","meta":{"site-sidebar-layout":"no-sidebar","site-content-layout":"page-builder","ast-site-content-layout":"","site-content-style":"default","site-sidebar-style":"default","ast-global-header-display":"","ast-banner-title-visibility":"","ast-main-header-display":"","ast-hfb-above-header-display":"","ast-hfb-below-header-display":"","ast-hfb-mobile-header-display":"","site-post-title":"disabled","ast-breadcrumbs-content":"","ast-featured-img":"disabled","footer-sml-layout":"","theme-transparent-header-meta":"default","adv-header-id-meta":"","stick-header-meta":"","header-above-stick-meta":"","header-main-stick-meta":"","header-below-stick-meta":"","astra-migrate-meta-layouts":"default","ast-page-background-enabled":"default","ast-page-background-meta":{"desktop":{"background-color":"","background-image":"","background-repeat":"repeat","background-position":"center center","background-size":"auto","background-attachment":"scroll","background-type":"","background-media":"","overlay-type":"","overlay-color":"","overlay-opacity":"","overlay-gradient":""},"tablet":{"background-color":"","background-image":"","background-repeat":"repeat","background-position":"center center","background-size":"auto","background-attachment":"scroll","background-type":"","background-media":"","overlay-type":"","overlay-color":"","overlay-opacity":"","overlay-gradient":""},"mobile":{"background-color":"","background-image":"","background-repeat":"repeat","background-position":"center center","background-size":"auto","background-attachment":"scroll","background-type":"","background-media":"","overlay-type":"","overlay-color":"","overlay-opacity":"","overlay-gradient":""}},"ast-content-background-meta":{"desktop":{"background-color":"var(--ast-global-color-5)","background-image":"","background-repeat":"repeat","background-position":"center center","background-size":"auto","background-attachment":"scroll","background-type":"","background-media":"","overlay-type":"","overlay-color":"","overlay-opacity":"","overlay-gradient":""},"tablet":{"background-color":"var(--ast-global-color-5)","background-image":"","background-repeat":"repeat","background-position":"center center","background-size":"auto","background-attachment":"scroll","background-type":"","background-media":"","overlay-type":"","overlay-color":"","overlay-opacity":"","overlay-gradient":""},"mobile":{"background-color":"var(--ast-global-color-5)","background-image":"","background-repeat":"repeat","background-position":"center center","background-size":"auto","background-attachment":"scroll","background-type":"","background-media":"","overlay-type":"","overlay-color":"","overlay-opacity":"","overlay-gradient":""}},"footnotes":""},"class_list":["post-3985","page","type-page","status-publish","hentry"],"_links":{"self":[{"href":"https:\/\/digiplant.com\/fr\/wp-json\/wp\/v2\/pages\/3985","targetHints":{"allow":["GET"]}}],"collection":[{"href":"https:\/\/digiplant.com\/fr\/wp-json\/wp\/v2\/pages"}],"about":[{"href":"https:\/\/digiplant.com\/fr\/wp-json\/wp\/v2\/types\/page"}],"author":[{"embeddable":true,"href":"https:\/\/digiplant.com\/fr\/wp-json\/wp\/v2\/users\/1"}],"replies":[{"embeddable":true,"href":"https:\/\/digiplant.com\/fr\/wp-json\/wp\/v2\/comments?post=3985"}],"version-history":[{"count":3,"href":"https:\/\/digiplant.com\/fr\/wp-json\/wp\/v2\/pages\/3985\/revisions"}],"predecessor-version":[{"id":10423,"href":"https:\/\/digiplant.com\/fr\/wp-json\/wp\/v2\/pages\/3985\/revisions\/10423"}],"wp:attachment":[{"href":"https:\/\/digiplant.com\/fr\/wp-json\/wp\/v2\/media?parent=3985"}],"curies":[{"name":"wp","href":"https:\/\/api.w.org\/{rel}","templated":true}]}}