{"id":3989,"date":"2021-12-27T12:53:34","date_gmt":"2021-12-27T12:53:34","guid":{"rendered":"https:\/\/digiplant.com\/docs\/app-guide-info\/"},"modified":"2024-03-13T13:13:25","modified_gmt":"2024-03-13T13:13:25","slug":"6-4-info","status":"publish","type":"page","link":"https:\/\/digiplant.com\/fr\/manuel\/6-4-info\/","title":{"rendered":"6.4 Info"},"content":{"rendered":"\t\t<div data-elementor-type=\"wp-page\" data-elementor-id=\"3989\" class=\"elementor elementor-3989 elementor-3554\" data-elementor-post-type=\"page\">\n\t\t\t\t\t\t<section class=\"elementor-section elementor-top-section elementor-element elementor-element-49738dd elementor-section-boxed elementor-section-height-default elementor-section-height-default\" data-id=\"49738dd\" data-element_type=\"section\" data-settings=\"{&quot;jet_parallax_layout_list&quot;:[{&quot;jet_parallax_layout_image&quot;:{&quot;url&quot;:&quot;&quot;,&quot;id&quot;:&quot;&quot;,&quot;size&quot;:&quot;&quot;},&quot;_id&quot;:&quot;ee927cb&quot;,&quot;jet_parallax_layout_image_tablet&quot;:{&quot;url&quot;:&quot;&quot;,&quot;id&quot;:&quot;&quot;,&quot;size&quot;:&quot;&quot;},&quot;jet_parallax_layout_image_mobile&quot;:{&quot;url&quot;:&quot;&quot;,&quot;id&quot;:&quot;&quot;,&quot;size&quot;:&quot;&quot;},&quot;jet_parallax_layout_speed&quot;:{&quot;unit&quot;:&quot;%&quot;,&quot;size&quot;:50,&quot;sizes&quot;:[]},&quot;jet_parallax_layout_type&quot;:&quot;scroll&quot;,&quot;jet_parallax_layout_direction&quot;:null,&quot;jet_parallax_layout_fx_direction&quot;:null,&quot;jet_parallax_layout_z_index&quot;:&quot;&quot;,&quot;jet_parallax_layout_bg_x&quot;:50,&quot;jet_parallax_layout_bg_x_tablet&quot;:&quot;&quot;,&quot;jet_parallax_layout_bg_x_mobile&quot;:&quot;&quot;,&quot;jet_parallax_layout_bg_y&quot;:50,&quot;jet_parallax_layout_bg_y_tablet&quot;:&quot;&quot;,&quot;jet_parallax_layout_bg_y_mobile&quot;:&quot;&quot;,&quot;jet_parallax_layout_bg_size&quot;:&quot;auto&quot;,&quot;jet_parallax_layout_bg_size_tablet&quot;:&quot;&quot;,&quot;jet_parallax_layout_bg_size_mobile&quot;:&quot;&quot;,&quot;jet_parallax_layout_animation_prop&quot;:&quot;transform&quot;,&quot;jet_parallax_layout_on&quot;:[&quot;desktop&quot;,&quot;tablet&quot;]}]}\">\n\t\t\t\t\t\t<div class=\"elementor-container elementor-column-gap-default\">\n\t\t\t\t\t<div class=\"elementor-column elementor-col-100 elementor-top-column elementor-element elementor-element-63154b8\" data-id=\"63154b8\" data-element_type=\"column\">\n\t\t\t<div class=\"elementor-widget-wrap elementor-element-populated\">\n\t\t\t\t\t\t<div class=\"elementor-element elementor-element-d5a4c37 elementor-widget elementor-widget-text-editor\" data-id=\"d5a4c37\" data-element_type=\"widget\" data-widget_type=\"text-editor.default\">\n\t\t\t\t<div class=\"elementor-widget-container\">\n\t\t\t\t\t\t\t\t\t<p><strong>6. App<\/strong><\/p>\t\t\t\t\t\t\t\t<\/div>\n\t\t\t\t<\/div>\n\t\t\t\t<div class=\"elementor-element elementor-element-4508eff elementor-widget elementor-widget-text-editor\" data-id=\"4508eff\" data-element_type=\"widget\" data-widget_type=\"text-editor.default\">\n\t\t\t\t<div class=\"elementor-widget-container\">\n\t\t\t\t\t\t\t\t\t<p>\u00a0 \u00a0 \u00a0 6.4. Info<\/p>\n\t\t\t\t\t\t\t\t<\/div>\n\t\t\t\t<\/div>\n\t\t\t\t<div class=\"elementor-element elementor-element-b622af0 elementor-widget elementor-widget-text-editor\" data-id=\"b622af0\" data-element_type=\"widget\" data-widget_type=\"text-editor.default\">\n\t\t\t\t<div class=\"elementor-widget-container\">\n\t\t\t\t\t\t\t\t\t<p>La page <em>Info<\/em> affiche 4 widgets\u00a0:<\/p><ul><li>Terminal DpOS<\/li><li>Tension d\u2019entr\u00e9e<\/li><li>Niveau d\u2019eau (<span style=\"color: #ff0000;\"><strong>bas<\/strong><\/span>, <span style=\"color: #ff9900;\"><strong>moyen<\/strong><\/span>, <span style=\"color: #008000;\"><strong>plein<\/strong><\/span>)<\/li><li>Temp\u00e9rature interne<\/li><\/ul>\t\t\t\t\t\t\t\t<\/div>\n\t\t\t\t<\/div>\n\t\t\t\t<div class=\"elementor-element elementor-element-af4f94e elementor-widget elementor-widget-image\" data-id=\"af4f94e\" data-element_type=\"widget\" data-widget_type=\"image.default\">\n\t\t\t\t<div class=\"elementor-widget-container\">\n\t\t\t\t\t\t\t\t\t\t\t\t\t\t\t<img loading=\"lazy\" decoding=\"async\" loading=\"lazy\" width=\"474\" height=\"1020\" src=\"https:\/\/digiplant.com\/wp-content\/uploads\/2022\/08\/6.4-blynk-app-info2.png\" class=\"attachment-large size-large wp-image-5700\" alt=\"\" srcset=\"https:\/\/digiplant.com\/wp-content\/uploads\/2022\/08\/6.4-blynk-app-info2.png 474w, https:\/\/digiplant.com\/wp-content\/uploads\/2022\/08\/6.4-blynk-app-info2-139x300.png 139w\" sizes=\"auto, (max-width: 474px) 100vw, 474px\" \/>\t\t\t\t\t\t\t\t\t\t\t\t\t\t\t<\/div>\n\t\t\t\t<\/div>\n\t\t\t\t<div class=\"elementor-element elementor-element-7b7078e elementor-widget elementor-widget-text-editor\" data-id=\"7b7078e\" data-element_type=\"widget\" data-widget_type=\"text-editor.default\">\n\t\t\t\t<div class=\"elementor-widget-container\">\n\t\t\t\t\t\t\t\t\t<p>Ici, le plus important est le terminal.<\/p>\n<p>Cette interface vintage mais n\u00e9anmoins puissante permet de configurer le syst\u00e8me avec des commandes simples, tout en rem\u00e9morant les souvenirs de la glorieuse \u00e9poque MS-DOS.<\/p>\t\t\t\t\t\t\t\t<\/div>\n\t\t\t\t<\/div>\n\t\t\t\t<div class=\"elementor-element elementor-element-79f1d79 elementor-widget elementor-widget-image\" data-id=\"79f1d79\" data-element_type=\"widget\" data-widget_type=\"image.default\">\n\t\t\t\t<div class=\"elementor-widget-container\">\n\t\t\t\t\t\t\t\t\t\t\t\t\t\t\t<img loading=\"lazy\" decoding=\"async\" loading=\"lazy\" width=\"755\" height=\"368\" src=\"https:\/\/digiplant.com\/wp-content\/uploads\/2022\/08\/6.4-commands_fr.png\" class=\"attachment-large size-large wp-image-5914\" alt=\"\" srcset=\"https:\/\/digiplant.com\/wp-content\/uploads\/2022\/08\/6.4-commands_fr.png 755w, https:\/\/digiplant.com\/wp-content\/uploads\/2022\/08\/6.4-commands_fr-600x292.png 600w, https:\/\/digiplant.com\/wp-content\/uploads\/2022\/08\/6.4-commands_fr-300x146.png 300w\" sizes=\"auto, (max-width: 755px) 100vw, 755px\" \/>\t\t\t\t\t\t\t\t\t\t\t\t\t\t\t<\/div>\n\t\t\t\t<\/div>\n\t\t\t\t<div class=\"elementor-element elementor-element-31d710a elementor-widget elementor-widget-text-editor\" data-id=\"31d710a\" data-element_type=\"widget\" data-widget_type=\"text-editor.default\">\n\t\t\t\t<div class=\"elementor-widget-container\">\n\t\t\t\t\t\t\t\t\t<p><strong>&gt; sensor<\/strong><\/p><p>Quand un capteur est connect\u00e9 au contr\u00f4leur pour la premi\u00e8re fois, la premi\u00e8re adresse disponible lui est assign\u00e9.<\/p><p><strong>Rappel important<\/strong> : pour \u00e9viter les conflits d\u2019adresse, les nouveaux capteurs ne doivent pas \u00eatre connect\u00e9s tous ensemble en m\u00eame temps. Connectez d\u2019abord un capteur, puis ajoutez un autre, jusqu\u2019au dernier.<\/p><p>Vous pouvez toujours changer l\u2019adresse d\u2019un capteur avec la commande <strong><em>sensor<\/em><\/strong> :<\/p>\t\t\t\t\t\t\t\t<\/div>\n\t\t\t\t<\/div>\n\t\t\t\t<div class=\"elementor-element elementor-element-d19627d elementor-widget elementor-widget-image\" data-id=\"d19627d\" data-element_type=\"widget\" data-widget_type=\"image.default\">\n\t\t\t\t<div class=\"elementor-widget-container\">\n\t\t\t\t\t\t\t\t\t\t\t\t\t\t\t<img loading=\"lazy\" decoding=\"async\" loading=\"lazy\" width=\"432\" height=\"214\" src=\"https:\/\/digiplant.com\/wp-content\/uploads\/2021\/12\/image-50-1.png\" class=\"attachment-large size-large wp-image-3641\" alt=\"\" srcset=\"https:\/\/digiplant.com\/wp-content\/uploads\/2021\/12\/image-50-1.png 432w, https:\/\/digiplant.com\/wp-content\/uploads\/2021\/12\/image-50-1-300x149.png 300w\" sizes=\"auto, (max-width: 432px) 100vw, 432px\" \/>\t\t\t\t\t\t\t\t\t\t\t\t\t\t\t<\/div>\n\t\t\t\t<\/div>\n\t\t\t\t<div class=\"elementor-element elementor-element-5983398 elementor-widget elementor-widget-text-editor\" data-id=\"5983398\" data-element_type=\"widget\" data-widget_type=\"text-editor.default\">\n\t\t\t\t<div class=\"elementor-widget-container\">\n\t\t\t\t\t\t\t\t\t<p><strong>&gt; alert<\/strong><\/p><p>Vous pouvez d\u00e9finir des niveaux d\u2019alerte min et max pour chaque mesure. Quand une mesure est au-dessus du max ou en-dessous du min, une notification est envoy\u00e9e.<br \/>Apr\u00e8s la commande <strong><em>alert<\/em><\/strong>, s\u00e9lectionnez une des mesures\u00a0:<\/p>\t\t\t\t\t\t\t\t<\/div>\n\t\t\t\t<\/div>\n\t\t\t\t<div class=\"elementor-element elementor-element-dcc3613 elementor-widget elementor-widget-image\" data-id=\"dcc3613\" data-element_type=\"widget\" data-widget_type=\"image.default\">\n\t\t\t\t<div class=\"elementor-widget-container\">\n\t\t\t\t\t\t\t\t\t\t\t\t\t\t\t<img loading=\"lazy\" decoding=\"async\" loading=\"lazy\" width=\"858\" height=\"468\" src=\"https:\/\/digiplant.com\/wp-content\/uploads\/2022\/08\/6.4-alerts_fr.png\" class=\"attachment-large size-large wp-image-5916\" alt=\"\" srcset=\"https:\/\/digiplant.com\/wp-content\/uploads\/2022\/08\/6.4-alerts_fr.png 858w, https:\/\/digiplant.com\/wp-content\/uploads\/2022\/08\/6.4-alerts_fr-600x327.png 600w, https:\/\/digiplant.com\/wp-content\/uploads\/2022\/08\/6.4-alerts_fr-300x164.png 300w, https:\/\/digiplant.com\/wp-content\/uploads\/2022\/08\/6.4-alerts_fr-768x419.png 768w\" sizes=\"auto, (max-width: 858px) 100vw, 858px\" \/>\t\t\t\t\t\t\t\t\t\t\t\t\t\t\t<\/div>\n\t\t\t\t<\/div>\n\t\t\t\t<div class=\"elementor-element elementor-element-713d026 elementor-widget elementor-widget-text-editor\" data-id=\"713d026\" data-element_type=\"widget\" data-widget_type=\"text-editor.default\">\n\t\t\t\t<div class=\"elementor-widget-container\">\n\t\t\t\t\t\t\t\t\t<p><strong>Notes:<\/strong><\/p>\t\t\t\t\t\t\t\t<\/div>\n\t\t\t\t<\/div>\n\t\t\t\t<div class=\"elementor-element elementor-element-f599bff elementor-widget elementor-widget-text-editor\" data-id=\"f599bff\" data-element_type=\"widget\" data-widget_type=\"text-editor.default\">\n\t\t\t\t<div class=\"elementor-widget-container\">\n\t\t\t\t\t\t\t\t\t<ul><li>Pour le niveau d\u2019eau : 1 = bas, 2 = moyen, 3 = plein <br \/>(0 et 4 non actif)<\/li><li>Les noms des mesures sont insensibles \u00e0 la casse. C\u2019est-\u00e0-dire que vous pouvez demander s1 ou S1, vin ou VIN, etc.<\/li><\/ul><p><strong>Exemple:<\/strong><\/p>\t\t\t\t\t\t\t\t<\/div>\n\t\t\t\t<\/div>\n\t\t\t\t<div class=\"elementor-element elementor-element-79c53f2 elementor-widget elementor-widget-image\" data-id=\"79c53f2\" data-element_type=\"widget\" data-widget_type=\"image.default\">\n\t\t\t\t<div class=\"elementor-widget-container\">\n\t\t\t\t\t\t\t\t\t\t\t\t\t\t\t<img loading=\"lazy\" decoding=\"async\" loading=\"lazy\" width=\"432\" height=\"231\" src=\"https:\/\/digiplant.com\/wp-content\/uploads\/2021\/12\/image-52.png\" class=\"attachment-large size-large wp-image-3645\" alt=\"\" srcset=\"https:\/\/digiplant.com\/wp-content\/uploads\/2021\/12\/image-52.png 432w, https:\/\/digiplant.com\/wp-content\/uploads\/2021\/12\/image-52-300x160.png 300w\" sizes=\"auto, (max-width: 432px) 100vw, 432px\" \/>\t\t\t\t\t\t\t\t\t\t\t\t\t\t\t<\/div>\n\t\t\t\t<\/div>\n\t\t\t\t<div class=\"elementor-element elementor-element-629e9ed elementor-widget elementor-widget-text-editor\" data-id=\"629e9ed\" data-element_type=\"widget\" data-widget_type=\"text-editor.default\">\n\t\t\t\t<div class=\"elementor-widget-container\">\n\t\t\t\t\t\t\t\t\t<p>Il est aussi possible de v\u00e9rifier tous les niveaux d\u2019alerte avec\u00a0:<br \/><strong><em>&gt; all <\/em><\/strong><br \/><strong><em>&gt; read<\/em><\/strong><\/p>\t\t\t\t\t\t\t\t<\/div>\n\t\t\t\t<\/div>\n\t\t\t\t<div class=\"elementor-element elementor-element-6d4f720 elementor-widget elementor-widget-image\" data-id=\"6d4f720\" data-element_type=\"widget\" data-widget_type=\"image.default\">\n\t\t\t\t<div class=\"elementor-widget-container\">\n\t\t\t\t\t\t\t\t\t\t\t\t\t\t\t<img loading=\"lazy\" decoding=\"async\" loading=\"lazy\" width=\"432\" height=\"366\" src=\"https:\/\/digiplant.com\/wp-content\/uploads\/2021\/12\/image-53.png\" class=\"attachment-large size-large wp-image-3647\" alt=\"\" srcset=\"https:\/\/digiplant.com\/wp-content\/uploads\/2021\/12\/image-53.png 432w, https:\/\/digiplant.com\/wp-content\/uploads\/2021\/12\/image-53-300x254.png 300w\" sizes=\"auto, (max-width: 432px) 100vw, 432px\" \/>\t\t\t\t\t\t\t\t\t\t\t\t\t\t\t<\/div>\n\t\t\t\t<\/div>\n\t\t\t\t<div class=\"elementor-element elementor-element-272fd22 elementor-widget elementor-widget-text-editor\" data-id=\"272fd22\" data-element_type=\"widget\" data-widget_type=\"text-editor.default\">\n\t\t\t\t<div class=\"elementor-widget-container\">\n\t\t\t\t\t\t\t\t\t<p style=\"text-align: left;\">La commande <strong><em>reset<\/em> <\/strong>remet toutes les valeurs par d\u00e9faut.<\/p>\t\t\t\t\t\t\t\t<\/div>\n\t\t\t\t<\/div>\n\t\t\t\t<div class=\"elementor-element elementor-element-d02ec6a elementor-widget elementor-widget-text-editor\" data-id=\"d02ec6a\" data-element_type=\"widget\" data-widget_type=\"text-editor.default\">\n\t\t\t\t<div class=\"elementor-widget-container\">\n\t\t\t\t\t\t\t\t\t<p><strong>&gt; gmt<\/strong><\/p>\n<p class=\"MsoNormal\">Le contr\u00f4leur utilise une horloge pour le mode auto de l\u2019\u00e9clairage,<br>afin de permuter ON et OFF aux bons moments.<o:p><\/o:p><\/p>\n<p><\/p>\n<p class=\"MsoNormal\">Le fuseau horaire est stock\u00e9 en m\u00e9moire et peut \u00eatre mis-\u00e0-jour<br>avec la commande <i>gmt<\/i>.<o:p><\/o:p><\/p>\t\t\t\t\t\t\t\t<\/div>\n\t\t\t\t<\/div>\n\t\t\t\t<div class=\"elementor-element elementor-element-6f60734 elementor-widget elementor-widget-image\" data-id=\"6f60734\" data-element_type=\"widget\" data-widget_type=\"image.default\">\n\t\t\t\t<div class=\"elementor-widget-container\">\n\t\t\t\t\t\t\t\t\t\t\t\t\t\t\t<img loading=\"lazy\" decoding=\"async\" loading=\"lazy\" width=\"432\" height=\"132\" src=\"https:\/\/digiplant.com\/wp-content\/uploads\/2022\/08\/6.4-gmt-terminal.png\" class=\"attachment-large size-large wp-image-5707\" alt=\"\" srcset=\"https:\/\/digiplant.com\/wp-content\/uploads\/2022\/08\/6.4-gmt-terminal.png 432w, https:\/\/digiplant.com\/wp-content\/uploads\/2022\/08\/6.4-gmt-terminal-300x92.png 300w\" sizes=\"auto, (max-width: 432px) 100vw, 432px\" \/>\t\t\t\t\t\t\t\t\t\t\t\t\t\t\t<\/div>\n\t\t\t\t<\/div>\n\t\t\t\t\t<\/div>\n\t\t<\/div>\n\t\t\t\t\t<\/div>\n\t\t<\/section>\n\t\t\t\t<\/div>\n\t\t","protected":false},"excerpt":{"rendered":"<p>6. App \u00a0 \u00a0 \u00a0 6.4. Info La page Info affiche 4 widgets\u00a0: Terminal DpOS Tension d\u2019entr\u00e9e Niveau d\u2019eau (bas, moyen, plein) Temp\u00e9rature interne Ici, le plus important est le terminal. Cette interface vintage mais n\u00e9anmoins puissante permet de configurer le syst\u00e8me avec des commandes simples, tout en rem\u00e9morant les souvenirs de la glorieuse \u00e9poque [&hellip;]<\/p>\n","protected":false},"author":1,"featured_media":0,"parent":3985,"menu_order":0,"comment_status":"closed","ping_status":"closed","template":"","meta":{"site-sidebar-layout":"no-sidebar","site-content-layout":"page-builder","ast-site-content-layout":"","site-content-style":"default","site-sidebar-style":"default","ast-global-header-display":"","ast-banner-title-visibility":"","ast-main-header-display":"","ast-hfb-above-header-display":"","ast-hfb-below-header-display":"","ast-hfb-mobile-header-display":"","site-post-title":"disabled","ast-breadcrumbs-content":"","ast-featured-img":"disabled","footer-sml-layout":"","theme-transparent-header-meta":"default","adv-header-id-meta":"","stick-header-meta":"","header-above-stick-meta":"","header-main-stick-meta":"","header-below-stick-meta":"","astra-migrate-meta-layouts":"default","ast-page-background-enabled":"default","ast-page-background-meta":{"desktop":{"background-color":"","background-image":"","background-repeat":"repeat","background-position":"center center","background-size":"auto","background-attachment":"scroll","background-type":"","background-media":"","overlay-type":"","overlay-color":"","overlay-opacity":"","overlay-gradient":""},"tablet":{"background-color":"","background-image":"","background-repeat":"repeat","background-position":"center center","background-size":"auto","background-attachment":"scroll","background-type":"","background-media":"","overlay-type":"","overlay-color":"","overlay-opacity":"","overlay-gradient":""},"mobile":{"background-color":"","background-image":"","background-repeat":"repeat","background-position":"center center","background-size":"auto","background-attachment":"scroll","background-type":"","background-media":"","overlay-type":"","overlay-color":"","overlay-opacity":"","overlay-gradient":""}},"ast-content-background-meta":{"desktop":{"background-color":"var(--ast-global-color-5)","background-image":"","background-repeat":"repeat","background-position":"center center","background-size":"auto","background-attachment":"scroll","background-type":"","background-media":"","overlay-type":"","overlay-color":"","overlay-opacity":"","overlay-gradient":""},"tablet":{"background-color":"var(--ast-global-color-5)","background-image":"","background-repeat":"repeat","background-position":"center center","background-size":"auto","background-attachment":"scroll","background-type":"","background-media":"","overlay-type":"","overlay-color":"","overlay-opacity":"","overlay-gradient":""},"mobile":{"background-color":"var(--ast-global-color-5)","background-image":"","background-repeat":"repeat","background-position":"center center","background-size":"auto","background-attachment":"scroll","background-type":"","background-media":"","overlay-type":"","overlay-color":"","overlay-opacity":"","overlay-gradient":""}},"footnotes":""},"class_list":["post-3989","page","type-page","status-publish","hentry"],"_links":{"self":[{"href":"https:\/\/digiplant.com\/fr\/wp-json\/wp\/v2\/pages\/3989","targetHints":{"allow":["GET"]}}],"collection":[{"href":"https:\/\/digiplant.com\/fr\/wp-json\/wp\/v2\/pages"}],"about":[{"href":"https:\/\/digiplant.com\/fr\/wp-json\/wp\/v2\/types\/page"}],"author":[{"embeddable":true,"href":"https:\/\/digiplant.com\/fr\/wp-json\/wp\/v2\/users\/1"}],"replies":[{"embeddable":true,"href":"https:\/\/digiplant.com\/fr\/wp-json\/wp\/v2\/comments?post=3989"}],"version-history":[{"count":0,"href":"https:\/\/digiplant.com\/fr\/wp-json\/wp\/v2\/pages\/3989\/revisions"}],"up":[{"embeddable":true,"href":"https:\/\/digiplant.com\/fr\/wp-json\/wp\/v2\/pages\/3985"}],"wp:attachment":[{"href":"https:\/\/digiplant.com\/fr\/wp-json\/wp\/v2\/media?parent=3989"}],"curies":[{"name":"wp","href":"https:\/\/api.w.org\/{rel}","templated":true}]}}