{"id":3998,"date":"2021-12-27T12:59:06","date_gmt":"2021-12-27T12:59:06","guid":{"rendered":"https:\/\/digiplant.com\/docs\/app-guide-outputs\/"},"modified":"2024-03-13T13:09:02","modified_gmt":"2024-03-13T13:09:02","slug":"6-2-sorties","status":"publish","type":"page","link":"https:\/\/digiplant.com\/fr\/manuel\/6-2-sorties\/","title":{"rendered":"6.2 Sorties"},"content":{"rendered":"\t\t<div data-elementor-type=\"wp-page\" data-elementor-id=\"3998\" class=\"elementor elementor-3998 elementor-3550\" data-elementor-post-type=\"page\">\n\t\t\t\t\t\t<section class=\"elementor-section elementor-top-section elementor-element elementor-element-fc98c1a elementor-section-boxed elementor-section-height-default elementor-section-height-default\" data-id=\"fc98c1a\" data-element_type=\"section\" data-settings=\"{&quot;jet_parallax_layout_list&quot;:[{&quot;jet_parallax_layout_image&quot;:{&quot;url&quot;:&quot;&quot;,&quot;id&quot;:&quot;&quot;,&quot;size&quot;:&quot;&quot;},&quot;_id&quot;:&quot;7f25b14&quot;,&quot;jet_parallax_layout_image_tablet&quot;:{&quot;url&quot;:&quot;&quot;,&quot;id&quot;:&quot;&quot;,&quot;size&quot;:&quot;&quot;},&quot;jet_parallax_layout_image_mobile&quot;:{&quot;url&quot;:&quot;&quot;,&quot;id&quot;:&quot;&quot;,&quot;size&quot;:&quot;&quot;},&quot;jet_parallax_layout_speed&quot;:{&quot;unit&quot;:&quot;%&quot;,&quot;size&quot;:50,&quot;sizes&quot;:[]},&quot;jet_parallax_layout_type&quot;:&quot;scroll&quot;,&quot;jet_parallax_layout_direction&quot;:null,&quot;jet_parallax_layout_fx_direction&quot;:null,&quot;jet_parallax_layout_z_index&quot;:&quot;&quot;,&quot;jet_parallax_layout_bg_x&quot;:50,&quot;jet_parallax_layout_bg_x_tablet&quot;:&quot;&quot;,&quot;jet_parallax_layout_bg_x_mobile&quot;:&quot;&quot;,&quot;jet_parallax_layout_bg_y&quot;:50,&quot;jet_parallax_layout_bg_y_tablet&quot;:&quot;&quot;,&quot;jet_parallax_layout_bg_y_mobile&quot;:&quot;&quot;,&quot;jet_parallax_layout_bg_size&quot;:&quot;auto&quot;,&quot;jet_parallax_layout_bg_size_tablet&quot;:&quot;&quot;,&quot;jet_parallax_layout_bg_size_mobile&quot;:&quot;&quot;,&quot;jet_parallax_layout_animation_prop&quot;:&quot;transform&quot;,&quot;jet_parallax_layout_on&quot;:[&quot;desktop&quot;,&quot;tablet&quot;]}]}\">\n\t\t\t\t\t\t<div class=\"elementor-container elementor-column-gap-default\">\n\t\t\t\t\t<div class=\"elementor-column elementor-col-100 elementor-top-column elementor-element elementor-element-0012790\" data-id=\"0012790\" data-element_type=\"column\">\n\t\t\t<div class=\"elementor-widget-wrap elementor-element-populated\">\n\t\t\t\t\t\t<div class=\"elementor-element elementor-element-4ddaf26 elementor-widget elementor-widget-text-editor\" data-id=\"4ddaf26\" data-element_type=\"widget\" data-widget_type=\"text-editor.default\">\n\t\t\t\t<div class=\"elementor-widget-container\">\n\t\t\t\t\t\t\t\t\t<p><strong><span style=\"white-space: pre-wrap;\">6. App<\/span><\/strong><\/p>\t\t\t\t\t\t\t\t<\/div>\n\t\t\t\t<\/div>\n\t\t\t\t<div class=\"elementor-element elementor-element-1c5628c elementor-widget elementor-widget-text-editor\" data-id=\"1c5628c\" data-element_type=\"widget\" data-widget_type=\"text-editor.default\">\n\t\t\t\t<div class=\"elementor-widget-container\">\n\t\t\t\t\t\t\t\t\t<p style=\"text-align: left;\"><span style=\"white-space: pre-wrap;\"> 6.2. Sorties<\/span><\/p>\t\t\t\t\t\t\t\t<\/div>\n\t\t\t\t<\/div>\n\t\t\t\t<div class=\"elementor-element elementor-element-db2b027 elementor-widget elementor-widget-image\" data-id=\"db2b027\" data-element_type=\"widget\" data-widget_type=\"image.default\">\n\t\t\t\t<div class=\"elementor-widget-container\">\n\t\t\t\t\t\t\t\t\t\t\t\t\t\t\t<img loading=\"lazy\" decoding=\"async\" loading=\"lazy\" width=\"336\" height=\"724\" src=\"https:\/\/digiplant.com\/wp-content\/uploads\/2021\/12\/blynk-app-8.png\" class=\"attachment-large size-large wp-image-3601\" alt=\"\" srcset=\"https:\/\/digiplant.com\/wp-content\/uploads\/2021\/12\/blynk-app-8.png 336w, https:\/\/digiplant.com\/wp-content\/uploads\/2021\/12\/blynk-app-8-139x300.png 139w\" sizes=\"auto, (max-width: 336px) 100vw, 336px\" \/>\t\t\t\t\t\t\t\t\t\t\t\t\t\t\t<\/div>\n\t\t\t\t<\/div>\n\t\t\t\t<div class=\"elementor-element elementor-element-cd9429c elementor-widget elementor-widget-text-editor\" data-id=\"cd9429c\" data-element_type=\"widget\" data-widget_type=\"text-editor.default\">\n\t\t\t\t<div class=\"elementor-widget-container\">\n\t\t\t\t\t\t\t\t\t<p>On trouve 4 widgets par sorties\u00a0:<\/p>\t\t\t\t\t\t\t\t<\/div>\n\t\t\t\t<\/div>\n\t\t\t\t<div class=\"elementor-element elementor-element-a5e123c elementor-widget elementor-widget-image\" data-id=\"a5e123c\" data-element_type=\"widget\" data-widget_type=\"image.default\">\n\t\t\t\t<div class=\"elementor-widget-container\">\n\t\t\t\t\t\t\t\t\t\t\t\t\t\t\t<img loading=\"lazy\" decoding=\"async\" loading=\"lazy\" width=\"450\" height=\"196\" src=\"https:\/\/digiplant.com\/wp-content\/uploads\/2021\/12\/image-41.png\" class=\"attachment-large size-large wp-image-3603\" alt=\"\" srcset=\"https:\/\/digiplant.com\/wp-content\/uploads\/2021\/12\/image-41.png 450w, https:\/\/digiplant.com\/wp-content\/uploads\/2021\/12\/image-41-300x131.png 300w\" sizes=\"auto, (max-width: 450px) 100vw, 450px\" \/>\t\t\t\t\t\t\t\t\t\t\t\t\t\t\t<\/div>\n\t\t\t\t<\/div>\n\t\t\t\t<div class=\"elementor-element elementor-element-10c499f elementor-widget elementor-widget-text-editor\" data-id=\"10c499f\" data-element_type=\"widget\" data-widget_type=\"text-editor.default\">\n\t\t\t\t<div class=\"elementor-widget-container\">\n\t\t\t\t\t\t\t\t\t<p>De gauche \u00e0 droite, haut en bas :<\/p><ol><li>S\u00e9lecteur de type<\/li><li>Switch auto<\/li><li>Bouton manuel<\/li><li>Param\u00e8tre de sortie<\/li><\/ol><p><strong>\u00a0 1. S\u00e9lecteur de type<\/strong><\/p>\t\t\t\t\t\t\t\t<\/div>\n\t\t\t\t<\/div>\n\t\t\t\t<div class=\"elementor-element elementor-element-44ed4cb elementor-widget elementor-widget-image\" data-id=\"44ed4cb\" data-element_type=\"widget\" data-widget_type=\"image.default\">\n\t\t\t\t<div class=\"elementor-widget-container\">\n\t\t\t\t\t\t\t\t\t\t\t\t\t\t\t<img loading=\"lazy\" decoding=\"async\" loading=\"lazy\" width=\"235\" height=\"596\" src=\"https:\/\/digiplant.com\/wp-content\/uploads\/2021\/12\/Group-59.png\" class=\"attachment-large size-large wp-image-3605\" alt=\"\" srcset=\"https:\/\/digiplant.com\/wp-content\/uploads\/2021\/12\/Group-59.png 235w, https:\/\/digiplant.com\/wp-content\/uploads\/2021\/12\/Group-59-118x300.png 118w\" sizes=\"auto, (max-width: 235px) 100vw, 235px\" \/>\t\t\t\t\t\t\t\t\t\t\t\t\t\t\t<\/div>\n\t\t\t\t<\/div>\n\t\t\t\t<div class=\"elementor-element elementor-element-2f4e762 elementor-widget elementor-widget-text-editor\" data-id=\"2f4e762\" data-element_type=\"widget\" data-widget_type=\"text-editor.default\">\n\t\t\t\t<div class=\"elementor-widget-container\">\n\t\t\t\t\t\t\t\t\t<p>Chaque sortie peut \u00eatre configur\u00e9 en chacun de ces types\u00a0:<\/p><ol><li>Arrosage (<em>Water<\/em>)<\/li><li>Ventilation (<em>Fan<\/em>)<\/li><li>Eclairage (<em>Light<\/em>)<\/li><li>Humidification (<em>Humidifier<\/em>)<\/li><li>Non utilis\u00e9e<em> (Not used)<\/em><\/li><\/ol><p>Exemple :<\/p>\t\t\t\t\t\t\t\t<\/div>\n\t\t\t\t<\/div>\n\t\t\t\t<div class=\"elementor-element elementor-element-211a52e elementor-widget elementor-widget-image\" data-id=\"211a52e\" data-element_type=\"widget\" data-widget_type=\"image.default\">\n\t\t\t\t<div class=\"elementor-widget-container\">\n\t\t\t\t\t\t\t\t\t\t\t\t\t\t\t<img loading=\"lazy\" decoding=\"async\" loading=\"lazy\" width=\"1024\" height=\"774\" src=\"https:\/\/digiplant.com\/wp-content\/uploads\/2024\/03\/controller-2-1024x774.webp\" class=\"attachment-large size-large wp-image-9608\" alt=\"\" srcset=\"https:\/\/digiplant.com\/wp-content\/uploads\/2024\/03\/controller-2-1024x774.webp 1024w, https:\/\/digiplant.com\/wp-content\/uploads\/2024\/03\/controller-2-300x227.webp 300w, https:\/\/digiplant.com\/wp-content\/uploads\/2024\/03\/controller-2-768x580.webp 768w, https:\/\/digiplant.com\/wp-content\/uploads\/2024\/03\/controller-2-600x454.webp 600w, https:\/\/digiplant.com\/wp-content\/uploads\/2024\/03\/controller-2.webp 1454w\" sizes=\"auto, (max-width: 1024px) 100vw, 1024px\" \/>\t\t\t\t\t\t\t\t\t\t\t\t\t\t\t<\/div>\n\t\t\t\t<\/div>\n\t\t\t\t<div class=\"elementor-element elementor-element-9f12d12 elementor-widget elementor-widget-text-editor\" data-id=\"9f12d12\" data-element_type=\"widget\" data-widget_type=\"text-editor.default\">\n\t\t\t\t<div class=\"elementor-widget-container\">\n\t\t\t\t\t\t\t\t\t<p>Par d\u00e9faut, toutes les sorties sont non utilis\u00e9es.<\/p>\t\t\t\t\t\t\t\t<\/div>\n\t\t\t\t<\/div>\n\t\t\t\t<div class=\"elementor-element elementor-element-10cedd4 elementor-widget elementor-widget-text-editor\" data-id=\"10cedd4\" data-element_type=\"widget\" data-widget_type=\"text-editor.default\">\n\t\t\t\t<div class=\"elementor-widget-container\">\n\t\t\t\t\t\t\t\t\t<p><strong>2. Switch auto<\/strong><\/p><p>Chaque sortie peut op\u00e9rer soit en mode constant (auto OFF), soit en mode automatique (auto ON).<\/p><p>Apr\u00e8s avoir choisi le type, la sortie fonctionne par d\u00e9faut en mode constant.<\/p>\t\t\t\t\t\t\t\t<\/div>\n\t\t\t\t<\/div>\n\t\t\t\t<div class=\"elementor-element elementor-element-1c035fb elementor-widget elementor-widget-image\" data-id=\"1c035fb\" data-element_type=\"widget\" data-widget_type=\"image.default\">\n\t\t\t\t<div class=\"elementor-widget-container\">\n\t\t\t\t\t\t\t\t\t\t\t\t\t\t\t<img loading=\"lazy\" decoding=\"async\" loading=\"lazy\" width=\"131\" height=\"99\" src=\"https:\/\/digiplant.com\/wp-content\/uploads\/2021\/12\/image-44.png\" class=\"attachment-large size-large wp-image-3607\" alt=\"\" \/>\t\t\t\t\t\t\t\t\t\t\t\t\t\t\t<\/div>\n\t\t\t\t<\/div>\n\t\t\t\t<div class=\"elementor-element elementor-element-27a30be elementor-widget elementor-widget-text-editor\" data-id=\"27a30be\" data-element_type=\"widget\" data-widget_type=\"text-editor.default\">\n\t\t\t\t<div class=\"elementor-widget-container\">\n\t\t\t\t\t\t\t\t\t<p><strong>Exemple <\/strong>: vous configurez OUT1 en tant que ventilation et positionnez le curseur \u00e0 50%. Le ventilateur tourne alors constamment \u00e0 50%.<\/p><p>Une fois le switch auto activ\u00e9, le param\u00e8tre de sortie est color\u00e9 et le mode auto commence, en fonction des mesures et param\u00e8tres que vous aurez d\u00e9finis. Plus de d\u00e9tails dans le chapitre correspondant.<\/p>\t\t\t\t\t\t\t\t<\/div>\n\t\t\t\t<\/div>\n\t\t\t\t<div class=\"elementor-element elementor-element-84d7167 elementor-widget elementor-widget-text-editor\" data-id=\"84d7167\" data-element_type=\"widget\" data-widget_type=\"text-editor.default\">\n\t\t\t\t<div class=\"elementor-widget-container\">\n\t\t\t\t\t\t\t\t\t<p><strong>3. Bouton manuel<\/strong><\/p>\t\t\t\t\t\t\t\t<\/div>\n\t\t\t\t<\/div>\n\t\t\t\t<div class=\"elementor-element elementor-element-ee18df9 elementor-widget elementor-widget-image\" data-id=\"ee18df9\" data-element_type=\"widget\" data-widget_type=\"image.default\">\n\t\t\t\t<div class=\"elementor-widget-container\">\n\t\t\t\t\t\t\t\t\t\t\t\t\t\t\t<img loading=\"lazy\" decoding=\"async\" loading=\"lazy\" width=\"134\" height=\"138\" src=\"https:\/\/digiplant.com\/wp-content\/uploads\/2021\/12\/image-45.png\" class=\"attachment-large size-large wp-image-3609\" alt=\"\" \/>\t\t\t\t\t\t\t\t\t\t\t\t\t\t\t<\/div>\n\t\t\t\t<\/div>\n\t\t\t\t<div class=\"elementor-element elementor-element-d39ac8f elementor-widget elementor-widget-text-editor\" data-id=\"d39ac8f\" data-element_type=\"widget\" data-widget_type=\"text-editor.default\">\n\t\t\t\t<div class=\"elementor-widget-container\">\n\t\t\t\t\t\t\t\t\t<p>Le bouton manuel est actif seulement quand press\u00e9. Il active\nla sortie \u00e0 100%.&nbsp;<o:p><\/o:p><\/p>\t\t\t\t\t\t\t\t<\/div>\n\t\t\t\t<\/div>\n\t\t\t\t<div class=\"elementor-element elementor-element-a31d1fe elementor-widget elementor-widget-text-editor\" data-id=\"a31d1fe\" data-element_type=\"widget\" data-widget_type=\"text-editor.default\">\n\t\t\t\t<div class=\"elementor-widget-container\">\n\t\t\t\t\t\t\t\t\t<p><strong>4. Param\u00e8tre de sortie<\/strong><\/p>\t\t\t\t\t\t\t\t<\/div>\n\t\t\t\t<\/div>\n\t\t\t\t<div class=\"elementor-element elementor-element-ca261fb elementor-widget elementor-widget-image\" data-id=\"ca261fb\" data-element_type=\"widget\" data-widget_type=\"image.default\">\n\t\t\t\t<div class=\"elementor-widget-container\">\n\t\t\t\t\t\t\t\t\t\t\t\t\t\t\t<img loading=\"lazy\" decoding=\"async\" loading=\"lazy\" width=\"516\" height=\"143\" src=\"https:\/\/digiplant.com\/wp-content\/uploads\/2021\/12\/Group-62.png\" class=\"attachment-large size-large wp-image-3613\" alt=\"\" srcset=\"https:\/\/digiplant.com\/wp-content\/uploads\/2021\/12\/Group-62.png 516w, https:\/\/digiplant.com\/wp-content\/uploads\/2021\/12\/Group-62-300x83.png 300w\" sizes=\"auto, (max-width: 516px) 100vw, 516px\" \/>\t\t\t\t\t\t\t\t\t\t\t\t\t\t\t<\/div>\n\t\t\t\t<\/div>\n\t\t\t\t<div class=\"elementor-element elementor-element-e955091 elementor-widget elementor-widget-text-editor\" data-id=\"e955091\" data-element_type=\"widget\" data-widget_type=\"text-editor.default\">\n\t\t\t\t<div class=\"elementor-widget-container\">\n\t\t\t\t\t\t\t\t\t<p>Pour chaque type de sortie, le curseur est utilis\u00e9 pour un param\u00e8tre sp\u00e9cifique :<\/p>\t\t\t\t\t\t\t\t<\/div>\n\t\t\t\t<\/div>\n\t\t\t\t<div class=\"elementor-element elementor-element-bb564a6 elementor-widget elementor-widget-image\" data-id=\"bb564a6\" data-element_type=\"widget\" data-widget_type=\"image.default\">\n\t\t\t\t<div class=\"elementor-widget-container\">\n\t\t\t\t\t\t\t\t\t\t\t\t\t\t\t<img loading=\"lazy\" decoding=\"async\" loading=\"lazy\" width=\"600\" height=\"252\" src=\"https:\/\/digiplant.com\/wp-content\/uploads\/2022\/08\/6.2-parameter-slider2_fr.png\" class=\"attachment-large size-large wp-image-5889\" alt=\"\" srcset=\"https:\/\/digiplant.com\/wp-content\/uploads\/2022\/08\/6.2-parameter-slider2_fr.png 600w, https:\/\/digiplant.com\/wp-content\/uploads\/2022\/08\/6.2-parameter-slider2_fr-300x126.png 300w\" sizes=\"auto, (max-width: 600px) 100vw, 600px\" \/>\t\t\t\t\t\t\t\t\t\t\t\t\t\t\t<\/div>\n\t\t\t\t<\/div>\n\t\t\t\t<div class=\"elementor-element elementor-element-bd1fbb0 elementor-widget elementor-widget-text-editor\" data-id=\"bd1fbb0\" data-element_type=\"widget\" data-widget_type=\"text-editor.default\">\n\t\t\t\t<div class=\"elementor-widget-container\">\n\t\t\t\t\t\t\t\t\t<p><strong>Notes<\/strong> :<\/p><p><span style=\"font-style: inherit; font-weight: inherit;\">Pour <\/span><em style=\"font-weight: inherit;\">Water<\/em><span style=\"font-style: inherit; font-weight: inherit;\">, si le switch auto est <\/span><span style=\"color: #ff0000;\"><strong style=\"font-style: inherit;\">OFF<\/strong><\/span><span style=\"font-style: inherit; font-weight: inherit;\">, le param\u00e8tre <\/span><strong style=\"font-style: inherit;\"><em>Moisture min<\/em><\/strong><span style=\"font-style: inherit; font-weight: inherit;\"> est inactif (utilis\u00e9 seulement en mode auto).<\/span><\/p><p><span style=\"font-style: inherit; font-weight: inherit;\">Pour <\/span><em style=\"font-weight: inherit;\">Humidifier<\/em><span style=\"font-style: inherit; font-weight: inherit;\">, si le switch auto est <\/span><span style=\"color: #008000;\"><strong style=\"font-style: inherit;\">ON<\/strong><\/span><span style=\"font-style: inherit; font-weight: inherit;\">, le param\u00e8tre <\/span><strong style=\"font-style: inherit;\"><em>Humidifier<\/em><\/strong><span style=\"font-style: inherit; font-weight: inherit;\"> est inactif (utilis\u00e9 seulement en mode constant).<\/span><span style=\"font-style: inherit; font-weight: inherit;\"><br \/><\/span><\/p>\t\t\t\t\t\t\t\t<\/div>\n\t\t\t\t<\/div>\n\t\t\t\t\t<\/div>\n\t\t<\/div>\n\t\t\t\t\t<\/div>\n\t\t<\/section>\n\t\t\t\t<\/div>\n\t\t","protected":false},"excerpt":{"rendered":"<p>6. App 6.2. Sorties On trouve 4 widgets par sorties\u00a0: De gauche \u00e0 droite, haut en bas : S\u00e9lecteur de type Switch auto Bouton manuel Param\u00e8tre de sortie \u00a0 1. S\u00e9lecteur de type Chaque sortie peut \u00eatre configur\u00e9 en chacun de ces types\u00a0: Arrosage (Water) Ventilation (Fan) Eclairage (Light) Humidification (Humidifier) Non utilis\u00e9e (Not used) [&hellip;]<\/p>\n","protected":false},"author":1,"featured_media":0,"parent":3985,"menu_order":0,"comment_status":"closed","ping_status":"closed","template":"","meta":{"site-sidebar-layout":"no-sidebar","site-content-layout":"page-builder","ast-site-content-layout":"","site-content-style":"default","site-sidebar-style":"default","ast-global-header-display":"","ast-banner-title-visibility":"","ast-main-header-display":"","ast-hfb-above-header-display":"","ast-hfb-below-header-display":"","ast-hfb-mobile-header-display":"","site-post-title":"disabled","ast-breadcrumbs-content":"","ast-featured-img":"disabled","footer-sml-layout":"","theme-transparent-header-meta":"default","adv-header-id-meta":"","stick-header-meta":"","header-above-stick-meta":"","header-main-stick-meta":"","header-below-stick-meta":"","astra-migrate-meta-layouts":"default","ast-page-background-enabled":"default","ast-page-background-meta":{"desktop":{"background-color":"","background-image":"","background-repeat":"repeat","background-position":"center center","background-size":"auto","background-attachment":"scroll","background-type":"","background-media":"","overlay-type":"","overlay-color":"","overlay-opacity":"","overlay-gradient":""},"tablet":{"background-color":"","background-image":"","background-repeat":"repeat","background-position":"center center","background-size":"auto","background-attachment":"scroll","background-type":"","background-media":"","overlay-type":"","overlay-color":"","overlay-opacity":"","overlay-gradient":""},"mobile":{"background-color":"","background-image":"","background-repeat":"repeat","background-position":"center center","background-size":"auto","background-attachment":"scroll","background-type":"","background-media":"","overlay-type":"","overlay-color":"","overlay-opacity":"","overlay-gradient":""}},"ast-content-background-meta":{"desktop":{"background-color":"var(--ast-global-color-5)","background-image":"","background-repeat":"repeat","background-position":"center center","background-size":"auto","background-attachment":"scroll","background-type":"","background-media":"","overlay-type":"","overlay-color":"","overlay-opacity":"","overlay-gradient":""},"tablet":{"background-color":"var(--ast-global-color-5)","background-image":"","background-repeat":"repeat","background-position":"center center","background-size":"auto","background-attachment":"scroll","background-type":"","background-media":"","overlay-type":"","overlay-color":"","overlay-opacity":"","overlay-gradient":""},"mobile":{"background-color":"var(--ast-global-color-5)","background-image":"","background-repeat":"repeat","background-position":"center center","background-size":"auto","background-attachment":"scroll","background-type":"","background-media":"","overlay-type":"","overlay-color":"","overlay-opacity":"","overlay-gradient":""}},"footnotes":""},"class_list":["post-3998","page","type-page","status-publish","hentry"],"_links":{"self":[{"href":"https:\/\/digiplant.com\/fr\/wp-json\/wp\/v2\/pages\/3998","targetHints":{"allow":["GET"]}}],"collection":[{"href":"https:\/\/digiplant.com\/fr\/wp-json\/wp\/v2\/pages"}],"about":[{"href":"https:\/\/digiplant.com\/fr\/wp-json\/wp\/v2\/types\/page"}],"author":[{"embeddable":true,"href":"https:\/\/digiplant.com\/fr\/wp-json\/wp\/v2\/users\/1"}],"replies":[{"embeddable":true,"href":"https:\/\/digiplant.com\/fr\/wp-json\/wp\/v2\/comments?post=3998"}],"version-history":[{"count":0,"href":"https:\/\/digiplant.com\/fr\/wp-json\/wp\/v2\/pages\/3998\/revisions"}],"up":[{"embeddable":true,"href":"https:\/\/digiplant.com\/fr\/wp-json\/wp\/v2\/pages\/3985"}],"wp:attachment":[{"href":"https:\/\/digiplant.com\/fr\/wp-json\/wp\/v2\/media?parent=3998"}],"curies":[{"name":"wp","href":"https:\/\/api.w.org\/{rel}","templated":true}]}}