{"id":5178,"date":"2022-07-26T07:33:55","date_gmt":"2022-07-26T07:33:55","guid":{"rendered":"https:\/\/digiplant.com\/confidentialite\/"},"modified":"2022-11-04T08:44:16","modified_gmt":"2022-11-04T08:44:16","slug":"confidentialite","status":"publish","type":"page","link":"https:\/\/digiplant.com\/fr\/confidentialite\/","title":{"rendered":"Confidentialit\u00e9"},"content":{"rendered":"\t\t<div data-elementor-type=\"wp-page\" data-elementor-id=\"5178\" class=\"elementor elementor-5178 elementor-4954\" data-elementor-post-type=\"page\">\n\t\t\t\t\t\t<section class=\"elementor-section elementor-top-section elementor-element elementor-element-0a8e2d8 elementor-section-boxed elementor-section-height-default elementor-section-height-default\" data-id=\"0a8e2d8\" data-element_type=\"section\" data-settings=\"{&quot;jet_parallax_layout_list&quot;:[]}\">\n\t\t\t\t\t\t<div class=\"elementor-container elementor-column-gap-default\">\n\t\t\t\t\t<div class=\"elementor-column elementor-col-100 elementor-top-column elementor-element elementor-element-c30d061\" data-id=\"c30d061\" data-element_type=\"column\">\n\t\t\t<div class=\"elementor-widget-wrap elementor-element-populated\">\n\t\t\t\t\t\t<div class=\"elementor-element elementor-element-5fd369a elementor-widget elementor-widget-heading\" data-id=\"5fd369a\" data-element_type=\"widget\" data-widget_type=\"heading.default\">\n\t\t\t\t<div class=\"elementor-widget-container\">\n\t\t\t\t\t<h2 class=\"elementor-heading-title elementor-size-default\">Politique de confidentialit\u00e9<\/h2>\t\t\t\t<\/div>\n\t\t\t\t<\/div>\n\t\t\t\t\t<\/div>\n\t\t<\/div>\n\t\t\t\t\t<\/div>\n\t\t<\/section>\n\t\t\t\t<section class=\"elementor-section elementor-top-section elementor-element elementor-element-fc17aa0 elementor-section-boxed elementor-section-height-default elementor-section-height-default\" data-id=\"fc17aa0\" data-element_type=\"section\" data-settings=\"{&quot;jet_parallax_layout_list&quot;:[{&quot;jet_parallax_layout_image&quot;:{&quot;url&quot;:&quot;&quot;,&quot;id&quot;:&quot;&quot;,&quot;size&quot;:&quot;&quot;},&quot;_id&quot;:&quot;9259a01&quot;,&quot;jet_parallax_layout_image_tablet&quot;:{&quot;url&quot;:&quot;&quot;,&quot;id&quot;:&quot;&quot;,&quot;size&quot;:&quot;&quot;},&quot;jet_parallax_layout_image_mobile&quot;:{&quot;url&quot;:&quot;&quot;,&quot;id&quot;:&quot;&quot;,&quot;size&quot;:&quot;&quot;},&quot;jet_parallax_layout_speed&quot;:{&quot;unit&quot;:&quot;%&quot;,&quot;size&quot;:50,&quot;sizes&quot;:[]},&quot;jet_parallax_layout_type&quot;:&quot;scroll&quot;,&quot;jet_parallax_layout_direction&quot;:null,&quot;jet_parallax_layout_fx_direction&quot;:null,&quot;jet_parallax_layout_z_index&quot;:&quot;&quot;,&quot;jet_parallax_layout_bg_x&quot;:50,&quot;jet_parallax_layout_bg_x_tablet&quot;:&quot;&quot;,&quot;jet_parallax_layout_bg_x_mobile&quot;:&quot;&quot;,&quot;jet_parallax_layout_bg_y&quot;:50,&quot;jet_parallax_layout_bg_y_tablet&quot;:&quot;&quot;,&quot;jet_parallax_layout_bg_y_mobile&quot;:&quot;&quot;,&quot;jet_parallax_layout_bg_size&quot;:&quot;auto&quot;,&quot;jet_parallax_layout_bg_size_tablet&quot;:&quot;&quot;,&quot;jet_parallax_layout_bg_size_mobile&quot;:&quot;&quot;,&quot;jet_parallax_layout_animation_prop&quot;:&quot;transform&quot;,&quot;jet_parallax_layout_on&quot;:[&quot;desktop&quot;,&quot;tablet&quot;]}]}\">\n\t\t\t\t\t\t<div class=\"elementor-container elementor-column-gap-default\">\n\t\t\t\t\t<div class=\"elementor-column elementor-col-100 elementor-top-column elementor-element elementor-element-0223467\" data-id=\"0223467\" data-element_type=\"column\" data-settings=\"{&quot;background_background&quot;:&quot;classic&quot;}\">\n\t\t\t<div class=\"elementor-widget-wrap elementor-element-populated\">\n\t\t\t\t\t\t<div class=\"elementor-element elementor-element-b44144f elementor-widget elementor-widget-text-editor\" data-id=\"b44144f\" data-element_type=\"widget\" data-widget_type=\"text-editor.default\">\n\t\t\t\t<div class=\"elementor-widget-container\">\n\t\t\t\t\t\t\t\t\t<p><strong>Derni\u00e8re mise \u00e0 jour :<\/strong>\u00a028\/09\/2022<\/p><p>La pr\u00e9sente politique de confidentialit\u00e9 explique quelles donn\u00e9es personnelles sont collect\u00e9es et comment elles sont utilis\u00e9es lorsque vous utilisez le site Web de Digiplant (https:\/\/digiplant.com) et\/ou l\u2019un de nos produits. En utilisant les produits, vous acceptez par d\u00e9faut la politique de confidentialit\u00e9 de Digiplant.<br \/>Digiplant prend votre vie priv\u00e9e tr\u00e8s au s\u00e9rieux et ne vendra pas, ne louera pas ou ne c\u00e9dera pas vos informations personnelles \u00e0 des tiers. Nous n\u2019utilisons vos informations personnelles que pour vous r\u00e9pondre (devis, commande, service client\u00e8le) ou pour vous informer (newsletter) et utilisons des informations anonymes telles que les cookies \u00e0 des fins telles que l\u2019am\u00e9lioration du site web ou de notre strat\u00e9gie marketing.<\/p><p>Nous ne recueillons vos informations personnelles que lorsque vous passez une commande ou que vous vous abonnez \u00e0 la newsletter. Pour la livraison de votre commande, il vous sera demand\u00e9 de fournir votre nom, votre num\u00e9ro de t\u00e9l\u00e9phone, votre pays, votre adresse \u00e9lectronique et votre adresse de livraison.<\/p><p><strong>1. Site web et analyse<\/strong><\/p><p>Lorsque le site web de Digiplant est visit\u00e9, des donn\u00e9es techniques sont collect\u00e9es de mani\u00e8re anonyme, telles que le type d\u2019appareil, le syst\u00e8me d\u2019exploitation, l\u2019emplacement, la langue, les pages de r\u00e9f\u00e9rence et de sortie, la date et le temps pass\u00e9 sur des pages particuli\u00e8res (ou les mod\u00e8les d\u2019utilisation) et toute autre donn\u00e9e qui nous est envoy\u00e9e ou re\u00e7ue lors de l\u2019acc\u00e8s au site web. Nous pouvons \u00e9galement recueillir des informations sur la mani\u00e8re dont les clients utilisent des fonctionnalit\u00e9s ou des contenus sp\u00e9cifiques (par exemple, la fr\u00e9quence \u00e0 laquelle les clients visitent une page particuli\u00e8re).<\/p><p>Nous utilisons des services d\u2019analyse sur notre site web, par exemple Google Analytics et Kissmetrics. Ces services utilisent des technologies de suivi comme les cookies et les pixels pour collecter des informations sur la mani\u00e8re dont les visiteurs interagissent avec le site web. Ces informations consistent g\u00e9n\u00e9ralement en des donn\u00e9es techniques, telles que d\u00e9crites ci-dessus. Nous utilisons les informations que nous obtenons de ces services pour am\u00e9liorer nos processus commerciaux en ligne, nos activit\u00e9s de marketing et am\u00e9liorer l\u2019exp\u00e9rience de l\u2019utilisateur.<\/p><p><strong>2. Publicit\u00e9 num\u00e9rique<\/strong><\/p><p>Nous ne diffusons pas de publicit\u00e9s de tiers lorsque vous utilisez notre site web. Toutefois, pour promouvoir au mieux les produits en ligne, nous pouvons \u00eatre amen\u00e9s \u00e0 travailler avec les services publicitaires de tiers suivants : Google, Twitter, TikTok, Snapchat, Pinterest, Giphy et Meta. Chaque fois que vous naviguez sur ces sites web, leurs serveurs publicitaires compilent certaines informations sur votre appareil, si vous avez interagi ou non avec nos publicit\u00e9s, et les actions effectu\u00e9es lors de visites ult\u00e9rieures sur Digiplant.com. Ces informations permettent au r\u00e9seau publicitaire de diffuser des annonces cibl\u00e9es et nous permettent d\u2019optimiser nos campagnes publicitaires pour les futurs visiteurs.<\/p><p><strong>3. Partage et divulgation d\u2019informations<\/strong><\/p><p>\u2013 Partenariat \u2013 Lorsque Digiplant s\u2019associe avec un site web tiers ou un ambassadeur, nous travaillons ensemble pour promouvoir les produits de la meilleure fa\u00e7on possible. Nous ne partageons pas et ne partagerons pas les informations de nos partenaires avec des tiers sans leur permission. Au cours d\u2019une collaboration pour une campagne de marketing, nous pouvons r\u00e9cup\u00e9rer vos informations, telles que le nom et l\u2019adresse e-mail, que vous avez partag\u00e9es avec ce site web ou cet ambassadeur afin que nous puissions vous contacter au sujet de promotions, de nouvelles ou de mises \u00e0 jour. Cela peut typiquement se produire si vous remplissez un formulaire sur le site web d\u2019un partenaire ou si vous vous inscrivez \u00e0 un concours.<\/p><p>\u2013 T\u00e9moignages de clients \u2013 Nous pouvons parfois publier des t\u00e9moignages de clients sur notre site web, tels qu\u2019ils sont partag\u00e9s par des sites web de tiers de confiance tels que trustpilot.<\/p><p><strong>4. Modifications de la politique de confidentialit\u00e9<\/strong><\/p><p>De temps \u00e0 autre, nous pouvons modifier ou mettre \u00e0 jour notre d\u00e9claration de confidentialit\u00e9. Nous nous r\u00e9servons le droit d\u2019apporter des modifications ou des mises \u00e0 jour \u00e0 tout moment.<br \/>Vous pouvez voir quand cette d\u00e9claration de confidentialit\u00e9 a \u00e9t\u00e9 mise \u00e0 jour pour la derni\u00e8re fois en v\u00e9rifiant la date affich\u00e9e en haut de cette d\u00e9claration de confidentialit\u00e9. Vous pouvez consulter p\u00e9riodiquement cette d\u00e9claration de confidentialit\u00e9 pour rester inform\u00e9 de la mani\u00e8re dont Digiplant traite votre confidentialit\u00e9.<\/p><p><strong>5. Contact<\/strong><\/p><p>Pour toute question ou demande relative \u00e0 la politique de confidentialit\u00e9, veuillez nous contacter \u00e0 l\u2019adresse contact@digiplant.com<\/p>\t\t\t\t\t\t\t\t<\/div>\n\t\t\t\t<\/div>\n\t\t\t\t\t<\/div>\n\t\t<\/div>\n\t\t\t\t\t<\/div>\n\t\t<\/section>\n\t\t\t\t<section class=\"elementor-section elementor-top-section elementor-element elementor-element-f55fce8 elementor-hidden-desktop elementor-section-boxed elementor-section-height-default elementor-section-height-default\" data-id=\"f55fce8\" data-element_type=\"section\" data-settings=\"{&quot;jet_parallax_layout_list&quot;:[]}\">\n\t\t\t\t\t\t<div class=\"elementor-container elementor-column-gap-default\">\n\t\t\t\t\t<div class=\"elementor-column elementor-col-100 elementor-top-column elementor-element elementor-element-2132724\" data-id=\"2132724\" data-element_type=\"column\">\n\t\t\t<div class=\"elementor-widget-wrap elementor-element-populated\">\n\t\t\t\t\t\t<div class=\"elementor-element elementor-element-6d7b291 elementor-widget elementor-widget-spacer\" data-id=\"6d7b291\" data-element_type=\"widget\" data-widget_type=\"spacer.default\">\n\t\t\t\t<div class=\"elementor-widget-container\">\n\t\t\t\t\t\t\t<div class=\"elementor-spacer\">\n\t\t\t<div class=\"elementor-spacer-inner\"><\/div>\n\t\t<\/div>\n\t\t\t\t\t\t<\/div>\n\t\t\t\t<\/div>\n\t\t\t\t\t<\/div>\n\t\t<\/div>\n\t\t\t\t\t<\/div>\n\t\t<\/section>\n\t\t\t\t<\/div>\n\t\t","protected":false},"excerpt":{"rendered":"<p>Politique de confidentialit\u00e9 Derni\u00e8re mise \u00e0 jour :\u00a028\/09\/2022 La pr\u00e9sente politique de confidentialit\u00e9 explique quelles donn\u00e9es personnelles sont collect\u00e9es et comment elles sont utilis\u00e9es lorsque vous utilisez le site Web de Digiplant (https:\/\/digiplant.com) et\/ou l\u2019un de nos produits. En utilisant les produits, vous acceptez par d\u00e9faut la politique de confidentialit\u00e9 de Digiplant.Digiplant prend votre vie [&hellip;]<\/p>\n","protected":false},"author":1,"featured_media":0,"parent":0,"menu_order":0,"comment_status":"closed","ping_status":"closed","template":"","meta":{"site-sidebar-layout":"no-sidebar","site-content-layout":"page-builder","ast-site-content-layout":"","site-content-style":"default","site-sidebar-style":"default","ast-global-header-display":"","ast-banner-title-visibility":"","ast-main-header-display":"","ast-hfb-above-header-display":"","ast-hfb-below-header-display":"","ast-hfb-mobile-header-display":"","site-post-title":"disabled","ast-breadcrumbs-content":"","ast-featured-img":"disabled","footer-sml-layout":"","theme-transparent-header-meta":"default","adv-header-id-meta":"","stick-header-meta":"","header-above-stick-meta":"","header-main-stick-meta":"","header-below-stick-meta":"","astra-migrate-meta-layouts":"default","ast-page-background-enabled":"default","ast-page-background-meta":{"desktop":{"background-color":"","background-image":"","background-repeat":"repeat","background-position":"center center","background-size":"auto","background-attachment":"scroll","background-type":"","background-media":"","overlay-type":"","overlay-color":"","overlay-opacity":"","overlay-gradient":""},"tablet":{"background-color":"","background-image":"","background-repeat":"repeat","background-position":"center center","background-size":"auto","background-attachment":"scroll","background-type":"","background-media":"","overlay-type":"","overlay-color":"","overlay-opacity":"","overlay-gradient":""},"mobile":{"background-color":"","background-image":"","background-repeat":"repeat","background-position":"center center","background-size":"auto","background-attachment":"scroll","background-type":"","background-media":"","overlay-type":"","overlay-color":"","overlay-opacity":"","overlay-gradient":""}},"ast-content-background-meta":{"desktop":{"background-color":"var(--ast-global-color-5)","background-image":"","background-repeat":"repeat","background-position":"center center","background-size":"auto","background-attachment":"scroll","background-type":"","background-media":"","overlay-type":"","overlay-color":"","overlay-opacity":"","overlay-gradient":""},"tablet":{"background-color":"var(--ast-global-color-5)","background-image":"","background-repeat":"repeat","background-position":"center center","background-size":"auto","background-attachment":"scroll","background-type":"","background-media":"","overlay-type":"","overlay-color":"","overlay-opacity":"","overlay-gradient":""},"mobile":{"background-color":"var(--ast-global-color-5)","background-image":"","background-repeat":"repeat","background-position":"center center","background-size":"auto","background-attachment":"scroll","background-type":"","background-media":"","overlay-type":"","overlay-color":"","overlay-opacity":"","overlay-gradient":""}},"footnotes":""},"class_list":["post-5178","page","type-page","status-publish","hentry"],"_links":{"self":[{"href":"https:\/\/digiplant.com\/fr\/wp-json\/wp\/v2\/pages\/5178","targetHints":{"allow":["GET"]}}],"collection":[{"href":"https:\/\/digiplant.com\/fr\/wp-json\/wp\/v2\/pages"}],"about":[{"href":"https:\/\/digiplant.com\/fr\/wp-json\/wp\/v2\/types\/page"}],"author":[{"embeddable":true,"href":"https:\/\/digiplant.com\/fr\/wp-json\/wp\/v2\/users\/1"}],"replies":[{"embeddable":true,"href":"https:\/\/digiplant.com\/fr\/wp-json\/wp\/v2\/comments?post=5178"}],"version-history":[{"count":0,"href":"https:\/\/digiplant.com\/fr\/wp-json\/wp\/v2\/pages\/5178\/revisions"}],"wp:attachment":[{"href":"https:\/\/digiplant.com\/fr\/wp-json\/wp\/v2\/media?parent=5178"}],"curies":[{"name":"wp","href":"https:\/\/api.w.org\/{rel}","templated":true}]}}