{"id":5279,"date":"2022-07-27T15:17:43","date_gmt":"2022-07-27T15:17:43","guid":{"rendered":"https:\/\/digiplant.com\/manuel\/automatic-control-humidifier\/"},"modified":"2022-10-29T12:55:14","modified_gmt":"2022-10-29T12:55:14","slug":"7-4-humidification","status":"publish","type":"page","link":"https:\/\/digiplant.com\/fr\/manuel\/7-4-humidification\/","title":{"rendered":"7.4 Humidification"},"content":{"rendered":"\t\t<div data-elementor-type=\"wp-page\" data-elementor-id=\"5279\" class=\"elementor elementor-5279 elementor-4829\" data-elementor-post-type=\"page\">\n\t\t\t\t\t\t<section class=\"elementor-section elementor-top-section elementor-element elementor-element-1e1eb2b elementor-section-boxed elementor-section-height-default elementor-section-height-default\" data-id=\"1e1eb2b\" data-element_type=\"section\" data-settings=\"{&quot;jet_parallax_layout_list&quot;:[{&quot;jet_parallax_layout_image&quot;:{&quot;url&quot;:&quot;&quot;,&quot;id&quot;:&quot;&quot;,&quot;size&quot;:&quot;&quot;},&quot;_id&quot;:&quot;44519f2&quot;,&quot;jet_parallax_layout_image_tablet&quot;:{&quot;url&quot;:&quot;&quot;,&quot;id&quot;:&quot;&quot;,&quot;size&quot;:&quot;&quot;},&quot;jet_parallax_layout_image_mobile&quot;:{&quot;url&quot;:&quot;&quot;,&quot;id&quot;:&quot;&quot;,&quot;size&quot;:&quot;&quot;},&quot;jet_parallax_layout_speed&quot;:{&quot;unit&quot;:&quot;%&quot;,&quot;size&quot;:50,&quot;sizes&quot;:[]},&quot;jet_parallax_layout_type&quot;:&quot;scroll&quot;,&quot;jet_parallax_layout_direction&quot;:null,&quot;jet_parallax_layout_fx_direction&quot;:null,&quot;jet_parallax_layout_z_index&quot;:&quot;&quot;,&quot;jet_parallax_layout_bg_x&quot;:50,&quot;jet_parallax_layout_bg_x_tablet&quot;:&quot;&quot;,&quot;jet_parallax_layout_bg_x_mobile&quot;:&quot;&quot;,&quot;jet_parallax_layout_bg_y&quot;:50,&quot;jet_parallax_layout_bg_y_tablet&quot;:&quot;&quot;,&quot;jet_parallax_layout_bg_y_mobile&quot;:&quot;&quot;,&quot;jet_parallax_layout_bg_size&quot;:&quot;auto&quot;,&quot;jet_parallax_layout_bg_size_tablet&quot;:&quot;&quot;,&quot;jet_parallax_layout_bg_size_mobile&quot;:&quot;&quot;,&quot;jet_parallax_layout_animation_prop&quot;:&quot;transform&quot;,&quot;jet_parallax_layout_on&quot;:[&quot;desktop&quot;,&quot;tablet&quot;]}]}\">\n\t\t\t\t\t\t<div class=\"elementor-container elementor-column-gap-default\">\n\t\t\t\t\t<div class=\"elementor-column elementor-col-100 elementor-top-column elementor-element elementor-element-352140e\" data-id=\"352140e\" data-element_type=\"column\">\n\t\t\t<div class=\"elementor-widget-wrap elementor-element-populated\">\n\t\t\t\t\t\t<div class=\"elementor-element elementor-element-6265b86 elementor-widget elementor-widget-text-editor\" data-id=\"6265b86\" data-element_type=\"widget\" data-widget_type=\"text-editor.default\">\n\t\t\t\t<div class=\"elementor-widget-container\">\n\t\t\t\t\t\t\t\t\t<p><strong>7. Mode Auto<\/strong><\/p>\t\t\t\t\t\t\t\t<\/div>\n\t\t\t\t<\/div>\n\t\t\t\t<div class=\"elementor-element elementor-element-e7b6034 elementor-widget elementor-widget-text-editor\" data-id=\"e7b6034\" data-element_type=\"widget\" data-widget_type=\"text-editor.default\">\n\t\t\t\t<div class=\"elementor-widget-container\">\n\t\t\t\t\t\t\t\t\t<p>\u00a0 \u00a0 \u00a0 7.4 Humidificateur<\/p>\t\t\t\t\t\t\t\t<\/div>\n\t\t\t\t<\/div>\n\t\t\t\t<div class=\"elementor-element elementor-element-a742abb elementor-widget elementor-widget-text-editor\" data-id=\"a742abb\" data-element_type=\"widget\" data-widget_type=\"text-editor.default\">\n\t\t\t\t<div class=\"elementor-widget-container\">\n\t\t\t\t\t\t\t\t\t<p>Quand le mode auto est ON, la sortie est r\u00e9gul\u00e9e \u00e0 partir de l\u2019humidit\u00e9 ambiante RH.<\/p>\n<p>Pour cela, seulement 2 param\u00e8tres sont n\u00e9cessaires&nbsp;: <br><strong><em>Hum Start <\/em><\/strong>et<strong><em> Hum Stop.<\/em><\/strong> <\/p>\t\t\t\t\t\t\t\t<\/div>\n\t\t\t\t<\/div>\n\t\t\t\t<div class=\"elementor-element elementor-element-79af644 elementor-widget elementor-widget-image\" data-id=\"79af644\" data-element_type=\"widget\" data-widget_type=\"image.default\">\n\t\t\t\t<div class=\"elementor-widget-container\">\n\t\t\t\t\t\t\t\t\t\t\t\t\t\t\t<img loading=\"lazy\" decoding=\"async\" loading=\"lazy\" width=\"617\" height=\"232\" src=\"https:\/\/digiplant.com\/wp-content\/uploads\/2022\/08\/7.4-humidifier-1.png\" class=\"attachment-large size-large wp-image-5994\" alt=\"\" srcset=\"https:\/\/digiplant.com\/wp-content\/uploads\/2022\/08\/7.4-humidifier-1.png 617w, https:\/\/digiplant.com\/wp-content\/uploads\/2022\/08\/7.4-humidifier-1-600x226.png 600w, https:\/\/digiplant.com\/wp-content\/uploads\/2022\/08\/7.4-humidifier-1-300x113.png 300w\" sizes=\"auto, (max-width: 617px) 100vw, 617px\" \/>\t\t\t\t\t\t\t\t\t\t\t\t\t\t\t<\/div>\n\t\t\t\t<\/div>\n\t\t\t\t<div class=\"elementor-element elementor-element-f632677 elementor-widget elementor-widget-text-editor\" data-id=\"f632677\" data-element_type=\"widget\" data-widget_type=\"text-editor.default\">\n\t\t\t\t<div class=\"elementor-widget-container\">\n\t\t\t\t\t\t\t\t\t<p>Quand RH est \u00e9gal \u00e0 <strong><em>Hum Start<\/em><\/strong>, la sortie est ON \u00e0 100%<em><b>.<br \/><\/b><\/em><span style=\"font-style: inherit; font-weight: inherit;\">Quand RH est \u00e9gal \u00e0 <\/span><strong style=\"font-style: inherit;\"><em>Hum Stop<\/em><\/strong><span style=\"font-style: inherit; font-weight: inherit;\">, la sortie est OFF<\/span><strong style=\"font-style: inherit;\"><em>.<\/em><\/strong><\/p><p><strong>Notes <\/strong>: <br \/>Si <strong><em>Hum Start<\/em><\/strong> &lt; <strong><em>Hum Stop<\/em><\/strong>, la sortie est en mode humidification.<br \/><span style=\"font-style: inherit; font-weight: inherit;\">Si <\/span><strong style=\"font-style: inherit;\"><em>Hum Start<\/em><\/strong><span style=\"font-style: inherit; font-weight: inherit;\"> &gt; <\/span><strong style=\"font-style: inherit;\"><em>Hum Stop<\/em><\/strong><span style=\"font-style: inherit; font-weight: inherit;\">, la sortie est en mode de-humidification.<\/span><\/p><p><strong><u>Exemples\u00a0:<\/u><\/strong><strong style=\"font-style: inherit;\"><em>\u00a0<\/em><\/strong><\/p><p><strong><em>Mode humidification\u00a0:<br \/><\/em><\/strong><strong style=\"font-style: inherit;\"><em>Hum Start<\/em><\/strong><span style=\"font-style: inherit; font-weight: inherit;\"> = 60% et <\/span><strong style=\"font-style: inherit;\"><em>Hum Stop<\/em><\/strong><span style=\"font-style: inherit; font-weight: inherit;\"> = 70%<\/span><\/p><p>D\u00e8s que RH est inf\u00e9rieur ou \u00e9gal \u00e0 60%, la sortie est activ\u00e9e, par exemple un humidificateur \u00e0 ultrasons, jusqu\u2019\u00e0 ce que RH monte au-dessus de 70% (ou \u00e9gal).<\/p><p><strong><em>Mode de-humidification\u00a0:<br \/><\/em><\/strong><strong style=\"font-style: inherit;\"><em>Hum Start<\/em><\/strong><span style=\"font-style: inherit; font-weight: inherit;\"> = 70% et <\/span><strong style=\"font-style: inherit;\"><em>Hum Stop<\/em><\/strong><span style=\"font-style: inherit; font-weight: inherit;\"> = 60%<\/span><\/p><p>D\u00e8s que RH est sup\u00e9rieur ou \u00e9gal \u00e0 70%, la sortie est activ\u00e9e, par exemple un ventilateur d\u2019extraction, jusqu\u2019\u00e0 ce que RH descende en-dessous de 60% (ou \u00e9gal).<\/p>\t\t\t\t\t\t\t\t<\/div>\n\t\t\t\t<\/div>\n\t\t\t\t\t<\/div>\n\t\t<\/div>\n\t\t\t\t\t<\/div>\n\t\t<\/section>\n\t\t\t\t<\/div>\n\t\t","protected":false},"excerpt":{"rendered":"<p>7. Mode Auto \u00a0 \u00a0 \u00a0 7.4 Humidificateur Quand le mode auto est ON, la sortie est r\u00e9gul\u00e9e \u00e0 partir de l\u2019humidit\u00e9 ambiante RH. Pour cela, seulement 2 param\u00e8tres sont n\u00e9cessaires&nbsp;: Hum Start et Hum Stop. Quand RH est \u00e9gal \u00e0 Hum Start, la sortie est ON \u00e0 100%.Quand RH est \u00e9gal \u00e0 Hum Stop, [&hellip;]<\/p>\n","protected":false},"author":1,"featured_media":0,"parent":3985,"menu_order":0,"comment_status":"closed","ping_status":"closed","template":"","meta":{"site-sidebar-layout":"no-sidebar","site-content-layout":"page-builder","ast-site-content-layout":"","site-content-style":"default","site-sidebar-style":"default","ast-global-header-display":"","ast-banner-title-visibility":"","ast-main-header-display":"","ast-hfb-above-header-display":"","ast-hfb-below-header-display":"","ast-hfb-mobile-header-display":"","site-post-title":"disabled","ast-breadcrumbs-content":"","ast-featured-img":"disabled","footer-sml-layout":"","theme-transparent-header-meta":"default","adv-header-id-meta":"","stick-header-meta":"","header-above-stick-meta":"","header-main-stick-meta":"","header-below-stick-meta":"","astra-migrate-meta-layouts":"default","ast-page-background-enabled":"default","ast-page-background-meta":{"desktop":{"background-color":"","background-image":"","background-repeat":"repeat","background-position":"center center","background-size":"auto","background-attachment":"scroll","background-type":"","background-media":"","overlay-type":"","overlay-color":"","overlay-opacity":"","overlay-gradient":""},"tablet":{"background-color":"","background-image":"","background-repeat":"repeat","background-position":"center center","background-size":"auto","background-attachment":"scroll","background-type":"","background-media":"","overlay-type":"","overlay-color":"","overlay-opacity":"","overlay-gradient":""},"mobile":{"background-color":"","background-image":"","background-repeat":"repeat","background-position":"center center","background-size":"auto","background-attachment":"scroll","background-type":"","background-media":"","overlay-type":"","overlay-color":"","overlay-opacity":"","overlay-gradient":""}},"ast-content-background-meta":{"desktop":{"background-color":"var(--ast-global-color-5)","background-image":"","background-repeat":"repeat","background-position":"center center","background-size":"auto","background-attachment":"scroll","background-type":"","background-media":"","overlay-type":"","overlay-color":"","overlay-opacity":"","overlay-gradient":""},"tablet":{"background-color":"var(--ast-global-color-5)","background-image":"","background-repeat":"repeat","background-position":"center center","background-size":"auto","background-attachment":"scroll","background-type":"","background-media":"","overlay-type":"","overlay-color":"","overlay-opacity":"","overlay-gradient":""},"mobile":{"background-color":"var(--ast-global-color-5)","background-image":"","background-repeat":"repeat","background-position":"center center","background-size":"auto","background-attachment":"scroll","background-type":"","background-media":"","overlay-type":"","overlay-color":"","overlay-opacity":"","overlay-gradient":""}},"footnotes":""},"class_list":["post-5279","page","type-page","status-publish","hentry"],"_links":{"self":[{"href":"https:\/\/digiplant.com\/fr\/wp-json\/wp\/v2\/pages\/5279","targetHints":{"allow":["GET"]}}],"collection":[{"href":"https:\/\/digiplant.com\/fr\/wp-json\/wp\/v2\/pages"}],"about":[{"href":"https:\/\/digiplant.com\/fr\/wp-json\/wp\/v2\/types\/page"}],"author":[{"embeddable":true,"href":"https:\/\/digiplant.com\/fr\/wp-json\/wp\/v2\/users\/1"}],"replies":[{"embeddable":true,"href":"https:\/\/digiplant.com\/fr\/wp-json\/wp\/v2\/comments?post=5279"}],"version-history":[{"count":0,"href":"https:\/\/digiplant.com\/fr\/wp-json\/wp\/v2\/pages\/5279\/revisions"}],"up":[{"embeddable":true,"href":"https:\/\/digiplant.com\/fr\/wp-json\/wp\/v2\/pages\/3985"}],"wp:attachment":[{"href":"https:\/\/digiplant.com\/fr\/wp-json\/wp\/v2\/media?parent=5279"}],"curies":[{"name":"wp","href":"https:\/\/api.w.org\/{rel}","templated":true}]}}