{"id":10556,"date":"2024-11-18T19:03:00","date_gmt":"2024-11-18T19:03:00","guid":{"rendered":"https:\/\/digiplant.com\/?post_type=product&#038;p=10556"},"modified":"2024-11-18T19:36:20","modified_gmt":"2024-11-18T19:36:20","slug":"capteur-de-sol-pro","status":"publish","type":"product","link":"https:\/\/digiplant.com\/fr\/produit\/capteur-de-sol-pro\/","title":{"rendered":"Capteur de Sol Pro"},"content":{"rendered":"\t\t<div data-elementor-type=\"section\" data-elementor-id=\"10582\" class=\"elementor elementor-10582 elementor-10573\" data-elementor-post-type=\"elementor_library\">\n\t\t\t\t\t<section class=\"elementor-section elementor-top-section elementor-element elementor-element-1ae8f2f2 elementor-section-height-min-height elementor-section-boxed elementor-section-height-default elementor-section-items-middle\" data-id=\"1ae8f2f2\" data-element_type=\"section\" data-settings=\"{&quot;jet_parallax_layout_list&quot;:[]}\">\n\t\t\t\t\t\t<div class=\"elementor-container elementor-column-gap-default\">\n\t\t\t\t\t<div class=\"elementor-column elementor-col-100 elementor-top-column elementor-element elementor-element-3746b901\" data-id=\"3746b901\" data-element_type=\"column\" data-settings=\"{&quot;background_background&quot;:&quot;classic&quot;}\">\n\t\t\t<div class=\"elementor-widget-wrap elementor-element-populated\">\n\t\t\t\t\t\t<div class=\"elementor-element elementor-element-32dbe58c elementor-widget__width-auto elementor-widget elementor-widget-text-editor\" data-id=\"32dbe58c\" data-element_type=\"widget\" data-widget_type=\"text-editor.default\">\n\t\t\t\t<div class=\"elementor-widget-container\">\n\t\t\t\t\t\t\t\t\t<p>Description <\/p>\n\t\t\t\t\t\t\t\t<\/div>\n\t\t\t\t<\/div>\n\t\t\t\t<section class=\"elementor-section elementor-inner-section elementor-element elementor-element-6f9e6e6b elementor-section-boxed elementor-section-height-default elementor-section-height-default\" data-id=\"6f9e6e6b\" data-element_type=\"section\" data-settings=\"{&quot;jet_parallax_layout_list&quot;:[]}\">\n\t\t\t\t\t\t<div class=\"elementor-container elementor-column-gap-default\">\n\t\t\t\t\t<div class=\"elementor-column elementor-col-100 elementor-inner-column elementor-element elementor-element-4dc82c4\" data-id=\"4dc82c4\" data-element_type=\"column\">\n\t\t\t<div class=\"elementor-widget-wrap elementor-element-populated\">\n\t\t\t\t\t\t<div class=\"elementor-element elementor-element-45c9aed9 elementor-widget elementor-widget-text-editor\" data-id=\"45c9aed9\" data-element_type=\"widget\" data-widget_type=\"text-editor.default\">\n\t\t\t\t<div class=\"elementor-widget-container\">\n\t\t\t\t\t\t\t\t\t<p class=\"whitespace-pre-wrap break-words\">Le Soil Sensor Pro (SSP) est un capteur de qualit\u00e9 professionnelle fournissant des donn\u00e9es pr\u00e9cises en temps r\u00e9el pour tous types de sols.<\/p><ul><li>Analyse compl\u00e8te 4-en-1 : humidit\u00e9, temp\u00e9rature, conductivit\u00e9, acidit\u00e9<\/li><li>Mesure di\u00e9lectrique avanc\u00e9e pour des relev\u00e9s d&rsquo;humidit\u00e9 pr\u00e9cis<\/li><li>Capacit\u00e9 de d\u00e9ploiement souterrain \u00e0 long terme<\/li><li>Design \u00e9tanche IP68, r\u00e9sistant \u00e0 la corrosion<\/li><li>\u00c9lectrodes en alliage durables r\u00e9sistantes aux impacts<\/li><\/ul><p>Con\u00e7u pour la durabilit\u00e9 et la pr\u00e9cision, le capteur SSP permet une prise de d\u00e9cision \u00e9clair\u00e9e gr\u00e2ce \u00e0 une surveillance continue et fiable des sols. Id\u00e9al pour les op\u00e9rations agricoles et les applications scientifiques.<\/p>\t\t\t\t\t\t\t\t<\/div>\n\t\t\t\t<\/div>\n\t\t\t\t\t<\/div>\n\t\t<\/div>\n\t\t\t\t\t<\/div>\n\t\t<\/section>\n\t\t\t\t\t<\/div>\n\t\t<\/div>\n\t\t\t\t\t<\/div>\n\t\t<\/section>\n\t\t\t\t<section class=\"elementor-section elementor-top-section elementor-element elementor-element-69c7fa6f elementor-section-height-min-height elementor-section-boxed elementor-section-height-default elementor-section-items-middle\" data-id=\"69c7fa6f\" data-element_type=\"section\" data-settings=\"{&quot;jet_parallax_layout_list&quot;:[]}\">\n\t\t\t\t\t\t<div class=\"elementor-container elementor-column-gap-default\">\n\t\t\t\t\t<div class=\"elementor-column elementor-col-100 elementor-top-column elementor-element elementor-element-3a8f248\" data-id=\"3a8f248\" data-element_type=\"column\" data-settings=\"{&quot;background_background&quot;:&quot;classic&quot;}\">\n\t\t\t<div class=\"elementor-widget-wrap elementor-element-populated\">\n\t\t\t\t\t\t<div class=\"elementor-element elementor-element-3aea9cf6 elementor-widget__width-auto elementor-widget elementor-widget-text-editor\" data-id=\"3aea9cf6\" data-element_type=\"widget\" data-widget_type=\"text-editor.default\">\n\t\t\t\t<div class=\"elementor-widget-container\">\n\t\t\t\t\t\t\t\t\t<p>Application typique<\/p>\t\t\t\t\t\t\t\t<\/div>\n\t\t\t\t<\/div>\n\t\t\t\t<section class=\"elementor-section elementor-inner-section elementor-element elementor-element-9cd8885 elementor-section-boxed elementor-section-height-default elementor-section-height-default\" data-id=\"9cd8885\" data-element_type=\"section\" data-settings=\"{&quot;jet_parallax_layout_list&quot;:[]}\">\n\t\t\t\t\t\t<div class=\"elementor-container elementor-column-gap-default\">\n\t\t\t\t\t<div class=\"elementor-column elementor-col-100 elementor-inner-column elementor-element elementor-element-27e5f052\" data-id=\"27e5f052\" data-element_type=\"column\">\n\t\t\t<div class=\"elementor-widget-wrap elementor-element-populated\">\n\t\t\t\t\t\t<div class=\"elementor-element elementor-element-36234f04 elementor-widget elementor-widget-text-editor\" data-id=\"36234f04\" data-element_type=\"widget\" data-widget_type=\"text-editor.default\">\n\t\t\t\t<div class=\"elementor-widget-container\">\n\t\t\t\t\t\t\t\t\t<ul><li class=\"whitespace-normal break-words\">Agriculture de pr\u00e9cision<\/li><li class=\"whitespace-normal break-words\">\u00c9tudes scientifiques et recherche sur les sols<\/li><li class=\"whitespace-normal break-words\">Conservation de l&rsquo;eau et irrigation intelligente<\/li><li class=\"whitespace-normal break-words\">Gestion de serres<\/li><li class=\"whitespace-normal break-words\">Culture commerciale de fleurs, fruits et l\u00e9gumes<\/li><li class=\"whitespace-normal break-words\">Tests et analyses environnementaux<\/li><li class=\"whitespace-normal break-words\">Centres de recherche v\u00e9g\u00e9tale<\/li><\/ul>\t\t\t\t\t\t\t\t<\/div>\n\t\t\t\t<\/div>\n\t\t\t\t\t<\/div>\n\t\t<\/div>\n\t\t\t\t\t<\/div>\n\t\t<\/section>\n\t\t\t\t\t<\/div>\n\t\t<\/div>\n\t\t\t\t\t<\/div>\n\t\t<\/section>\n\t\t\t\t<section class=\"elementor-section elementor-top-section elementor-element elementor-element-27855bfb elementor-section-height-min-height elementor-section-boxed elementor-section-height-default elementor-section-items-middle\" data-id=\"27855bfb\" data-element_type=\"section\" data-settings=\"{&quot;jet_parallax_layout_list&quot;:[]}\">\n\t\t\t\t\t\t<div class=\"elementor-container elementor-column-gap-default\">\n\t\t\t\t\t<div class=\"elementor-column elementor-col-100 elementor-top-column elementor-element elementor-element-618a0730\" data-id=\"618a0730\" data-element_type=\"column\" data-settings=\"{&quot;background_background&quot;:&quot;classic&quot;}\">\n\t\t\t<div class=\"elementor-widget-wrap elementor-element-populated\">\n\t\t\t\t\t\t<div class=\"elementor-element elementor-element-2279cee0 elementor-widget__width-auto elementor-widget elementor-widget-text-editor\" data-id=\"2279cee0\" data-element_type=\"widget\" data-widget_type=\"text-editor.default\">\n\t\t\t\t<div class=\"elementor-widget-container\">\n\t\t\t\t\t\t\t\t\t<p>Sp\u00e9cifications<\/p>\n\t\t\t\t\t\t\t\t<\/div>\n\t\t\t\t<\/div>\n\t\t\t\t<section class=\"elementor-section elementor-inner-section elementor-element elementor-element-9e4a8b9 elementor-section-boxed elementor-section-height-default elementor-section-height-default\" data-id=\"9e4a8b9\" data-element_type=\"section\" data-settings=\"{&quot;jet_parallax_layout_list&quot;:[]}\">\n\t\t\t\t\t\t<div class=\"elementor-container elementor-column-gap-default\">\n\t\t\t\t\t<div class=\"elementor-column elementor-col-100 elementor-inner-column elementor-element elementor-element-759b72e5\" data-id=\"759b72e5\" data-element_type=\"column\">\n\t\t\t<div class=\"elementor-widget-wrap elementor-element-populated\">\n\t\t\t\t\t\t<div class=\"elementor-element elementor-element-13919430 elementor-widget elementor-widget-text-editor\" data-id=\"13919430\" data-element_type=\"widget\" data-widget_type=\"text-editor.default\">\n\t\t\t\t<div class=\"elementor-widget-container\">\n\t\t\t\t\t\t\t\t\t<p><b>Longueur de la sonde:<\/b> 7cm<br \/><strong>Substrats compatible:<\/strong> terreau, coco, laine de roche, sphaigne, \u00e9corce, perlite etc\u00a0<br \/><strong><br \/>Mesure de l&rsquo;humidit\u00e9:<br \/>\u00a0 \u00a0 \u00a0Plage: <\/strong>0-100%<br \/>\u00a0 \u00a0 \u00a0<strong>R\u00e9solution:<\/strong> 0.1%<br \/>\u00a0 \u00a0 \u00a0<strong>Pr\u00e9cision:<\/strong> \u00b12% (0-50%) &amp; \u00b13% (50-100%)<\/p><p><strong>Mesure de la temp\u00e9rature:<br \/>\u00a0 \u00a0 \u00a0Plage: <\/strong>-40~80\u00b0C<br \/>\u00a0 \u00a0 \u00a0<strong>R\u00e9solution:<\/strong> 0.1\u00b0C<br \/>\u00a0 \u00a0 \u00a0<strong>Pr\u00e9cision:<\/strong> \u00b10.5\u00b0C<\/p><p><strong>Mesure de la conductivit\u00e9 (EC):<br \/>\u00a0 \u00a0 \u00a0Plage: <\/strong>0-20 mS\/cm<br \/>\u00a0 \u00a0 \u00a0<strong>R\u00e9solution:<\/strong> 1 \u00b5S\/cm<br \/>\u00a0 \u00a0 \u00a0<strong>Pr\u00e9cision:<\/strong> \u00b13% (0-10 mS\/cm) &amp; \u00b15% (10-20 mS\/cm)<\/p><p><strong>Mesure de l&rsquo;acidit\u00e9 (pH):<br \/>\u00a0 \u00a0 \u00a0Plage: <\/strong>3-9<br \/>\u00a0 \u00a0 \u00a0<strong>R\u00e9solution:<\/strong> 0.1<br \/>\u00a0 \u00a0 \u00a0<strong>Pr\u00e9cision:<\/strong> 0.1<\/p><p><strong>Longueur de c\u00e2ble: <\/strong>0.5 \u00e0 8m, c\u00e2ble plus long sur demande (jusqu&rsquo;\u00e0 50m).<\/p>\t\t\t\t\t\t\t\t<\/div>\n\t\t\t\t<\/div>\n\t\t\t\t\t<\/div>\n\t\t<\/div>\n\t\t\t\t\t<\/div>\n\t\t<\/section>\n\t\t\t\t\t<\/div>\n\t\t<\/div>\n\t\t\t\t\t<\/div>\n\t\t<\/section>\n\t\t\t\t<\/div>\n\t\t\n","protected":false},"excerpt":{"rendered":"<p>Connectez jusqu\u2019\u00e0 8 capteurs de sol \u00e0 votre contr\u00f4leur et maintenez plus de plantes sous surveillance.<\/p>\n","protected":false},"featured_media":10580,"comment_status":"open","ping_status":"closed","template":"","meta":{"site-sidebar-layout":"default","site-content-layout":"default","ast-site-content-layout":"default","site-content-style":"default","site-sidebar-style":"default","ast-global-header-display":"","ast-banner-title-visibility":"","ast-main-header-display":"","ast-hfb-above-header-display":"","ast-hfb-below-header-display":"","ast-hfb-mobile-header-display":"","site-post-title":"","ast-breadcrumbs-content":"","ast-featured-img":"","footer-sml-layout":"","theme-transparent-header-meta":"default","adv-header-id-meta":"","stick-header-meta":"","header-above-stick-meta":"","header-main-stick-meta":"","header-below-stick-meta":"","astra-migrate-meta-layouts":"set","ast-page-background-enabled":"default","ast-page-background-meta":{"desktop":{"background-color":"","background-image":"","background-repeat":"repeat","background-position":"center center","background-size":"auto","background-attachment":"scroll","background-type":"","background-media":"","overlay-type":"","overlay-color":"","overlay-opacity":"","overlay-gradient":""},"tablet":{"background-color":"","background-image":"","background-repeat":"repeat","background-position":"center center","background-size":"auto","background-attachment":"scroll","background-type":"","background-media":"","overlay-type":"","overlay-color":"","overlay-opacity":"","overlay-gradient":""},"mobile":{"background-color":"","background-image":"","background-repeat":"repeat","background-position":"center center","background-size":"auto","background-attachment":"scroll","background-type":"","background-media":"","overlay-type":"","overlay-color":"","overlay-opacity":"","overlay-gradient":""}},"ast-content-background-meta":{"desktop":{"background-color":"var(--ast-global-color-5)","background-image":"","background-repeat":"repeat","background-position":"center center","background-size":"auto","background-attachment":"scroll","background-type":"","background-media":"","overlay-type":"","overlay-color":"","overlay-opacity":"","overlay-gradient":""},"tablet":{"background-color":"var(--ast-global-color-5)","background-image":"","background-repeat":"repeat","background-position":"center center","background-size":"auto","background-attachment":"scroll","background-type":"","background-media":"","overlay-type":"","overlay-color":"","overlay-opacity":"","overlay-gradient":""},"mobile":{"background-color":"var(--ast-global-color-5)","background-image":"","background-repeat":"repeat","background-position":"center center","background-size":"auto","background-attachment":"scroll","background-type":"","background-media":"","overlay-type":"","overlay-color":"","overlay-opacity":"","overlay-gradient":""}}},"product_brand":[],"product_cat":[93],"product_tag":[],"class_list":{"0":"post-10556","1":"product","2":"type-product","3":"status-publish","4":"has-post-thumbnail","6":"product_cat-uncategorized-fr","7":"desktop-align-left","8":"tablet-align-left","9":"mobile-align-left","10":"ast-product-gallery-layout-horizontal-slider","11":"ast-product-gallery-with-no-image","12":"ast-product-single-variable","13":"ast-product-tabs-layout-horizontal","15":"first","16":"instock","17":"taxable","18":"shipping-taxable","19":"purchasable","20":"product-type-variable","21":"has-default-attributes"},"_links":{"self":[{"href":"https:\/\/digiplant.com\/fr\/wp-json\/wp\/v2\/product\/10556","targetHints":{"allow":["GET"]}}],"collection":[{"href":"https:\/\/digiplant.com\/fr\/wp-json\/wp\/v2\/product"}],"about":[{"href":"https:\/\/digiplant.com\/fr\/wp-json\/wp\/v2\/types\/product"}],"replies":[{"embeddable":true,"href":"https:\/\/digiplant.com\/fr\/wp-json\/wp\/v2\/comments?post=10556"}],"version-history":[{"count":2,"href":"https:\/\/digiplant.com\/fr\/wp-json\/wp\/v2\/product\/10556\/revisions"}],"predecessor-version":[{"id":10589,"href":"https:\/\/digiplant.com\/fr\/wp-json\/wp\/v2\/product\/10556\/revisions\/10589"}],"wp:featuredmedia":[{"embeddable":true,"href":"https:\/\/digiplant.com\/fr\/wp-json\/wp\/v2\/media\/10580"}],"wp:attachment":[{"href":"https:\/\/digiplant.com\/fr\/wp-json\/wp\/v2\/media?parent=10556"}],"wp:term":[{"taxonomy":"product_brand","embeddable":true,"href":"https:\/\/digiplant.com\/fr\/wp-json\/wp\/v2\/product_brand?post=10556"},{"taxonomy":"product_cat","embeddable":true,"href":"https:\/\/digiplant.com\/fr\/wp-json\/wp\/v2\/product_cat?post=10556"},{"taxonomy":"product_tag","embeddable":true,"href":"https:\/\/digiplant.com\/fr\/wp-json\/wp\/v2\/product_tag?post=10556"}],"curies":[{"name":"wp","href":"https:\/\/api.w.org\/{rel}","templated":true}]}}